{"id":11140,"date":"2024-02-11T01:52:59","date_gmt":"2024-02-10T22:52:59","guid":{"rendered":"https:\/\/mebee.com.tr\/urun\/jakarli-moon-eye-turuncu-kimono"},"modified":"2025-03-18T22:31:47","modified_gmt":"2025-03-18T19:31:47","slug":"jakarli-moon-eye-turuncu-kimono","status":"publish","type":"product","link":"https:\/\/www.mebee.com.tr\/ar\/%d8%a7%d9%84%d9%85%d9%86%d8%aa%d8%ac\/jakarli-moon-eye-turuncu-kimono","title":{"rendered":"Jakarl\u0131 Moon Eye Turuncu Kimono"},"content":{"rendered":"<p>Jakarl\u0131 Moon Eye Turuncu Kimono ile cesur ve canl\u0131 bir stil sergileyin. Turuncu rengin enerjisini ve ay\u0131n gizemli cazibesini simgeleyen ay g\u00f6z motifiyle s\u00fcslenmi\u015f bu kimono, sofistike jakar desenleri ile tamamlanm\u0131\u015ft\u0131r. Her ortamda g\u00f6z kama\u015ft\u0131racak bu par\u00e7a, dolab\u0131n\u0131z\u0131n en ilgi \u00e7ekici \u00fcr\u00fcnlerinden biri olacak.<\/p>\n<p>Y\u00fcksek kaliteli jakar kuma\u015ftan \u00fcretilen bu kimono, hafif yap\u0131s\u0131 ve rahat kesimi ile her mevsim keyifle kullan\u0131l\u0131r. Plajda, evde veya d\u0131\u015far\u0131da, Jakarl\u0131 Moon Eye Turuncu Kimono ile her zaman dikkat \u00e7ekici ve \u015f\u0131k hissedeceksiniz.<\/p>","protected":false},"excerpt":{"rendered":"<p>Jakarl\u0131 Moon Eye Turuncu Kimono ile cesur ve canl\u0131 bir stil sergileyin. Turuncu rengin enerjisini ve ay\u0131n gizemli cazibesini simgeleyen<\/p>","protected":false},"featured_media":11451,"template":"","meta":{"_joinchat":[]},"product_brand":[],"product_cat":[157],"product_tag":[],"class_list":{"0":"post-11140","1":"product","2":"type-product","3":"status-publish","4":"has-post-thumbnail","6":"product_cat-jakarli-kimono","8":"first","9":"instock","10":"sale","11":"purchasable","12":"product-type-simple"},"_links":{"self":[{"href":"https:\/\/www.mebee.com.tr\/ar\/wp-json\/wp\/v2\/product\/11140","targetHints":{"allow":["GET"]}}],"collection":[{"href":"https:\/\/www.mebee.com.tr\/ar\/wp-json\/wp\/v2\/product"}],"about":[{"href":"https:\/\/www.mebee.com.tr\/ar\/wp-json\/wp\/v2\/types\/product"}],"version-history":[{"count":0,"href":"https:\/\/www.mebee.com.tr\/ar\/wp-json\/wp\/v2\/product\/11140\/revisions"}],"wp:featuredmedia":[{"embeddable":true,"href":"https:\/\/www.mebee.com.tr\/ar\/wp-json\/wp\/v2\/media\/11451"}],"wp:attachment":[{"href":"https:\/\/www.mebee.com.tr\/ar\/wp-json\/wp\/v2\/media?parent=11140"}],"wp:term":[{"taxonomy":"product_brand","embeddable":true,"href":"https:\/\/www.mebee.com.tr\/ar\/wp-json\/wp\/v2\/product_brand?post=11140"},{"taxonomy":"product_cat","embeddable":true,"href":"https:\/\/www.mebee.com.tr\/ar\/wp-json\/wp\/v2\/product_cat?post=11140"},{"taxonomy":"product_tag","embeddable":true,"href":"https:\/\/www.mebee.com.tr\/ar\/wp-json\/wp\/v2\/product_tag?post=11140"}],"curies":[{"name":"wp","href":"https:\/\/api.w.org\/{rel}","templated":true}]}}