{"id":11136,"date":"2024-02-11T01:52:59","date_gmt":"2024-02-10T22:52:59","guid":{"rendered":"https:\/\/mebee.com.tr\/urun\/jakarli-moon-eye-lila-kimono"},"modified":"2025-03-18T22:31:44","modified_gmt":"2025-03-18T19:31:44","slug":"jakarli-moon-eye-lila-kimono","status":"publish","type":"product","link":"https:\/\/www.mebee.com.tr\/ar\/%d8%a7%d9%84%d9%85%d9%86%d8%aa%d8%ac\/jakarli-moon-eye-lila-kimono","title":{"rendered":"Jakarl\u0131 Moon Eye Lila Kimono"},"content":{"rendered":"<p>Jakarl\u0131 Moon Eye Lila Kimono, zarif ve b\u00fcy\u00fcleyici bir g\u00f6r\u00fcn\u00fcm sunar. Lila rengin yumu\u015fak ve huzur verici tonu, ay g\u00f6z motifiyle birle\u015ferek mistik ve \u00e7ekici bir tasar\u0131m olu\u015fturur. Y\u00fcksek kaliteli jakar kuma\u015ftan \u00fcretilen bu kimono, rahat kesimi ile g\u00fcn boyu konfor sa\u011flar. \u0130ster g\u00fcnl\u00fck kullan\u0131mda ister \u00f6zel etkinliklerde tercih edilebilecek bu kimono, \u015f\u0131kl\u0131\u011f\u0131 ve rahatl\u0131\u011f\u0131 bir arada arayanlar i\u00e7in ideal bir se\u00e7imdir. Jakarl\u0131 Moon Eye Lila Kimono, gard\u0131robunuzda sofistike bir dokunu\u015f yaparak her kombinle uyum sa\u011flayacak.<\/p>","protected":false},"excerpt":{"rendered":"<p>Jakarl\u0131 Moon Eye Lila Kimono, zarif ve b\u00fcy\u00fcleyici bir g\u00f6r\u00fcn\u00fcm sunar. Lila rengin yumu\u015fak ve huzur verici tonu, ay g\u00f6z<\/p>","protected":false},"featured_media":11427,"template":"","meta":{"_joinchat":[]},"product_brand":[],"product_cat":[157],"product_tag":[],"class_list":{"0":"post-11136","1":"product","2":"type-product","3":"status-publish","4":"has-post-thumbnail","6":"product_cat-jakarli-kimono","8":"first","9":"instock","10":"sale","11":"purchasable","12":"product-type-simple"},"_links":{"self":[{"href":"https:\/\/www.mebee.com.tr\/ar\/wp-json\/wp\/v2\/product\/11136","targetHints":{"allow":["GET"]}}],"collection":[{"href":"https:\/\/www.mebee.com.tr\/ar\/wp-json\/wp\/v2\/product"}],"about":[{"href":"https:\/\/www.mebee.com.tr\/ar\/wp-json\/wp\/v2\/types\/product"}],"version-history":[{"count":0,"href":"https:\/\/www.mebee.com.tr\/ar\/wp-json\/wp\/v2\/product\/11136\/revisions"}],"wp:featuredmedia":[{"embeddable":true,"href":"https:\/\/www.mebee.com.tr\/ar\/wp-json\/wp\/v2\/media\/11427"}],"wp:attachment":[{"href":"https:\/\/www.mebee.com.tr\/ar\/wp-json\/wp\/v2\/media?parent=11136"}],"wp:term":[{"taxonomy":"product_brand","embeddable":true,"href":"https:\/\/www.mebee.com.tr\/ar\/wp-json\/wp\/v2\/product_brand?post=11136"},{"taxonomy":"product_cat","embeddable":true,"href":"https:\/\/www.mebee.com.tr\/ar\/wp-json\/wp\/v2\/product_cat?post=11136"},{"taxonomy":"product_tag","embeddable":true,"href":"https:\/\/www.mebee.com.tr\/ar\/wp-json\/wp\/v2\/product_tag?post=11136"}],"curies":[{"name":"wp","href":"https:\/\/api.w.org\/{rel}","templated":true}]}}