{"id":11130,"date":"2024-02-11T01:52:59","date_gmt":"2024-02-10T22:52:59","guid":{"rendered":"https:\/\/mebee.com.tr\/urun\/jakarli-fil-chakra-su-yesili-kimono"},"modified":"2025-03-18T22:31:44","modified_gmt":"2025-03-18T19:31:44","slug":"jakarli-fil-chakra-su-yesili-kimono","status":"publish","type":"product","link":"https:\/\/www.mebee.com.tr\/ar\/%d8%a7%d9%84%d9%85%d9%86%d8%aa%d8%ac\/jakarli-fil-chakra-su-yesili-kimono","title":{"rendered":"\u0643\u064a\u0645\u0648\u0646\u0648 \u0623\u062e\u0636\u0631 \u0645\u0627\u0626\u064a \u0623\u062e\u0636\u0631 \u0645\u0646 \u0627\u0644\u062c\u0627\u0643\u0627\u0631 \u0634\u0627\u0643\u0631\u0627 \u0627\u0644\u0641\u064a\u0644"},"content":{"rendered":"<p>Jakarl\u0131 Fil Chakra Su Ye\u015fili Kimono, dinginlik ve huzur dolu bir stil sunar. Su ye\u015fili renginin sakinle\u015ftirici tonu, fil chakra motifi ile birle\u015ferek hem g\u00f6rsel bir zarafet hem de derin bir anlam kat\u0131yor. Y\u00fcksek kaliteli jakar kuma\u015ftan \u00fcretilen bu kimono, zengin desenleriyle g\u00f6z kama\u015ft\u0131r\u0131r ve rahat kesimi sayesinde g\u00fcn boyu konfor sa\u011flar. \u0130ster plajda, ister g\u00fcnl\u00fck kullan\u0131mda ya da \u00f6zel bir ak\u015fam etkinli\u011finde tercih edebilece\u011finiz Jakarl\u0131 Fil Chakra Su Ye\u015fili Kimono, stilinizi do\u011fal ve etkileyici bir \u015fekilde tamamlar. Her ortamda sakin bir \u015f\u0131kl\u0131k yans\u0131tan bu kimono, gard\u0131robunuzun vazge\u00e7ilmez par\u00e7alar\u0131ndan biri olacak.<\/p>","protected":false},"excerpt":{"rendered":"<p>Jakarl\u0131 Fil Chakra Su Ye\u015fili Kimono, dinginlik ve huzur dolu bir stil sunar. Su ye\u015fili renginin sakinle\u015ftirici tonu, fil chakra<\/p>","protected":false},"featured_media":11389,"template":"","meta":{"_joinchat":[]},"product_brand":[],"product_cat":[157],"product_tag":[],"class_list":{"0":"post-11130","1":"product","2":"type-product","3":"status-publish","4":"has-post-thumbnail","6":"product_cat-jakarli-kimono","8":"first","9":"instock","10":"sale","11":"purchasable","12":"product-type-simple"},"_links":{"self":[{"href":"https:\/\/www.mebee.com.tr\/ar\/wp-json\/wp\/v2\/product\/11130","targetHints":{"allow":["GET"]}}],"collection":[{"href":"https:\/\/www.mebee.com.tr\/ar\/wp-json\/wp\/v2\/product"}],"about":[{"href":"https:\/\/www.mebee.com.tr\/ar\/wp-json\/wp\/v2\/types\/product"}],"version-history":[{"count":0,"href":"https:\/\/www.mebee.com.tr\/ar\/wp-json\/wp\/v2\/product\/11130\/revisions"}],"wp:featuredmedia":[{"embeddable":true,"href":"https:\/\/www.mebee.com.tr\/ar\/wp-json\/wp\/v2\/media\/11389"}],"wp:attachment":[{"href":"https:\/\/www.mebee.com.tr\/ar\/wp-json\/wp\/v2\/media?parent=11130"}],"wp:term":[{"taxonomy":"product_brand","embeddable":true,"href":"https:\/\/www.mebee.com.tr\/ar\/wp-json\/wp\/v2\/product_brand?post=11130"},{"taxonomy":"product_cat","embeddable":true,"href":"https:\/\/www.mebee.com.tr\/ar\/wp-json\/wp\/v2\/product_cat?post=11130"},{"taxonomy":"product_tag","embeddable":true,"href":"https:\/\/www.mebee.com.tr\/ar\/wp-json\/wp\/v2\/product_tag?post=11130"}],"curies":[{"name":"wp","href":"https:\/\/api.w.org\/{rel}","templated":true}]}}