{"id":11124,"date":"2024-02-11T01:52:31","date_gmt":"2024-02-10T22:52:31","guid":{"rendered":"https:\/\/mebee.com.tr\/urun\/jakarli-fil-chakra-gri-kimono"},"modified":"2025-03-18T22:31:43","modified_gmt":"2025-03-18T19:31:43","slug":"jakarli-fil-chakra-gri-kimono","status":"publish","type":"product","link":"https:\/\/www.mebee.com.tr\/ar\/%d8%a7%d9%84%d9%85%d9%86%d8%aa%d8%ac\/jakarli-fil-chakra-gri-kimono","title":{"rendered":"Jakarl\u0131 Fil Chakra Gri Kimono"},"content":{"rendered":"<p>Jakarl\u0131 Fil Chakra Gri Kimono, zarif ve dingin bir stil sunar. Gri rengin zamans\u0131z \u015f\u0131kl\u0131\u011f\u0131, fil chakra motifi ile birle\u015ferek hem g\u00f6rsel bir dinginlik hem de ruhsal bir huzur sa\u011flar. Y\u00fcksek kaliteli jakar kuma\u015ftan \u00fcretilen bu kimono, detayl\u0131 desenleriyle dikkat \u00e7eker ve rahat kesimi sayesinde g\u00fcn boyu konfor sunar. \u0130ster plajda, ister g\u00fcnl\u00fck kullan\u0131mda ya da \u00f6zel bir ak\u015fam etkinli\u011finde, Jakarl\u0131 Fil Chakra Gri Kimono, stilinizi sakin ve sofistike bir \u015fekilde tamamlar. Her ortamda huzurlu bir \u015f\u0131kl\u0131k yans\u0131tan bu kimono, gard\u0131robunuzun vazge\u00e7ilmez par\u00e7alar\u0131ndan biri olacak.<\/p>","protected":false},"excerpt":{"rendered":"<p>Jakarl\u0131 Fil Chakra Gri Kimono, zarif ve dingin bir stil sunar. Gri rengin zamans\u0131z \u015f\u0131kl\u0131\u011f\u0131, fil chakra motifi ile birle\u015ferek<\/p>","protected":false},"featured_media":11356,"template":"","meta":{"_joinchat":[]},"product_brand":[],"product_cat":[157],"product_tag":[],"class_list":{"0":"post-11124","1":"product","2":"type-product","3":"status-publish","4":"has-post-thumbnail","6":"product_cat-jakarli-kimono","8":"first","9":"instock","10":"sale","11":"purchasable","12":"product-type-simple"},"_links":{"self":[{"href":"https:\/\/www.mebee.com.tr\/ar\/wp-json\/wp\/v2\/product\/11124","targetHints":{"allow":["GET"]}}],"collection":[{"href":"https:\/\/www.mebee.com.tr\/ar\/wp-json\/wp\/v2\/product"}],"about":[{"href":"https:\/\/www.mebee.com.tr\/ar\/wp-json\/wp\/v2\/types\/product"}],"version-history":[{"count":0,"href":"https:\/\/www.mebee.com.tr\/ar\/wp-json\/wp\/v2\/product\/11124\/revisions"}],"wp:featuredmedia":[{"embeddable":true,"href":"https:\/\/www.mebee.com.tr\/ar\/wp-json\/wp\/v2\/media\/11356"}],"wp:attachment":[{"href":"https:\/\/www.mebee.com.tr\/ar\/wp-json\/wp\/v2\/media?parent=11124"}],"wp:term":[{"taxonomy":"product_brand","embeddable":true,"href":"https:\/\/www.mebee.com.tr\/ar\/wp-json\/wp\/v2\/product_brand?post=11124"},{"taxonomy":"product_cat","embeddable":true,"href":"https:\/\/www.mebee.com.tr\/ar\/wp-json\/wp\/v2\/product_cat?post=11124"},{"taxonomy":"product_tag","embeddable":true,"href":"https:\/\/www.mebee.com.tr\/ar\/wp-json\/wp\/v2\/product_tag?post=11124"}],"curies":[{"name":"wp","href":"https:\/\/api.w.org\/{rel}","templated":true}]}}