{"id":11108,"date":"2024-02-11T01:52:31","date_gmt":"2024-02-10T22:52:31","guid":{"rendered":"https:\/\/mebee.com.tr\/urun\/jakarli-eye-baby-blue-kimono"},"modified":"2025-03-18T22:31:41","modified_gmt":"2025-03-18T19:31:41","slug":"jakarli-eye-baby-blue-kimono","status":"publish","type":"product","link":"https:\/\/www.mebee.com.tr\/ar\/%d8%a7%d9%84%d9%85%d9%86%d8%aa%d8%ac\/jakarli-eye-baby-blue-kimono","title":{"rendered":"Jakarl\u0131 Eye Baby Blue Kimono"},"content":{"rendered":"<p>Jakarl\u0131 Eye Baby Blue Kimono, hafif ve rahatlat\u0131c\u0131 bir stil sunar. Baby blue renginin yumu\u015fak ve sakin tonu, g\u00f6z motifi ile birle\u015ferek hem g\u00f6rsel bir dinginlik hem de \u015f\u0131k bir dokunu\u015f sa\u011flar. Y\u00fcksek kaliteli jakar kuma\u015ftan \u00fcretilen bu kimono, zengin desenleriyle g\u00f6z al\u0131c\u0131 bir g\u00f6r\u00fcn\u00fcm kazand\u0131r\u0131r ve rahat kesimi sayesinde g\u00fcn boyu konfor sunar. \u0130ster plajda, ister g\u00fcnl\u00fck kullan\u0131mda ya da \u00f6zel bir ak\u015fam etkinli\u011finde, Jakarl\u0131 Eye Baby Blue Kimono, stilinizi ferah ve sofistike bir \u015fekilde tamamlar. Her ortamda huzurlu bir \u015f\u0131kl\u0131k yans\u0131tan bu kimono, gard\u0131robunuzda \u00f6ne \u00e7\u0131kan par\u00e7alardan biri olacak.<\/p>","protected":false},"excerpt":{"rendered":"<p>Jakarl\u0131 Eye Baby Blue Kimono, hafif ve rahatlat\u0131c\u0131 bir stil sunar. Baby blue renginin yumu\u015fak ve sakin tonu, g\u00f6z motifi<\/p>","protected":false},"featured_media":11255,"template":"","meta":{"_joinchat":[]},"product_brand":[],"product_cat":[157],"product_tag":[],"class_list":{"0":"post-11108","1":"product","2":"type-product","3":"status-publish","4":"has-post-thumbnail","6":"product_cat-jakarli-kimono","8":"first","9":"instock","10":"sale","11":"purchasable","12":"product-type-simple"},"_links":{"self":[{"href":"https:\/\/www.mebee.com.tr\/ar\/wp-json\/wp\/v2\/product\/11108","targetHints":{"allow":["GET"]}}],"collection":[{"href":"https:\/\/www.mebee.com.tr\/ar\/wp-json\/wp\/v2\/product"}],"about":[{"href":"https:\/\/www.mebee.com.tr\/ar\/wp-json\/wp\/v2\/types\/product"}],"version-history":[{"count":0,"href":"https:\/\/www.mebee.com.tr\/ar\/wp-json\/wp\/v2\/product\/11108\/revisions"}],"wp:featuredmedia":[{"embeddable":true,"href":"https:\/\/www.mebee.com.tr\/ar\/wp-json\/wp\/v2\/media\/11255"}],"wp:attachment":[{"href":"https:\/\/www.mebee.com.tr\/ar\/wp-json\/wp\/v2\/media?parent=11108"}],"wp:term":[{"taxonomy":"product_brand","embeddable":true,"href":"https:\/\/www.mebee.com.tr\/ar\/wp-json\/wp\/v2\/product_brand?post=11108"},{"taxonomy":"product_cat","embeddable":true,"href":"https:\/\/www.mebee.com.tr\/ar\/wp-json\/wp\/v2\/product_cat?post=11108"},{"taxonomy":"product_tag","embeddable":true,"href":"https:\/\/www.mebee.com.tr\/ar\/wp-json\/wp\/v2\/product_tag?post=11108"}],"curies":[{"name":"wp","href":"https:\/\/api.w.org\/{rel}","templated":true}]}}