{"id":11098,"date":"2024-02-11T01:52:31","date_gmt":"2024-02-10T22:52:31","guid":{"rendered":"https:\/\/mebee.com.tr\/urun\/hint-desenli-hardal-sarisi-kimono"},"modified":"2025-03-18T22:31:40","modified_gmt":"2025-03-18T19:31:40","slug":"hint-desenli-hardal-sarisi-kimono","status":"publish","type":"product","link":"https:\/\/www.mebee.com.tr\/ar\/%d8%a7%d9%84%d9%85%d9%86%d8%aa%d8%ac\/hint-desenli-hardal-sarisi-kimono","title":{"rendered":"Hint Desenli Hardal Sar\u0131s\u0131 Kimono"},"content":{"rendered":"<p>Hint desenlerinin egzotik g\u00fczelli\u011fi ve hardal sar\u0131s\u0131n\u0131n s\u0131cak tonlar\u0131 ile tasarlanan Hint Desenli Hardal Sar\u0131s\u0131 Kimono, stilinize zarif ve etnik bir dokunu\u015f kat\u0131yor. Bu g\u00f6z al\u0131c\u0131 kimono, her an\u0131n\u0131za \u015f\u0131kl\u0131k ve rahatl\u0131k getirerek gard\u0131robunuzun en dikkat \u00e7ekici par\u00e7alar\u0131ndan biri olacak. Hem g\u00fcnl\u00fck kullan\u0131mda hem de \u00f6zel anlarda tercih edebilece\u011finiz bu tasar\u0131m, rahatl\u0131\u011f\u0131 ve zarafeti bir arada sunuyor.<\/p>\n<p>Y\u00fcksek kaliteli ve hafif kuma\u015f\u0131, cildinize yumu\u015fak bir dokunu\u015f sa\u011flar ve g\u00fcn boyu konfor sunar. Nefes alabilir yap\u0131s\u0131 sayesinde her mevsimde rahatl\u0131kla giyilebilir. Hint desenleriyle zenginle\u015ftirilmi\u015f bu kimono, hardal sar\u0131s\u0131n\u0131n enerjik ve sofistike tonu ile birle\u015ferek benzersiz bir stil yarat\u0131r.<\/p>\n<p>Geni\u015f ve rahat kesimi ile hareket \u00f6zg\u00fcrl\u00fc\u011f\u00fc sunar, bu da onu hem g\u00fcnl\u00fck ya\u015famda hem de \u00f6zel etkinliklerde ideal bir par\u00e7a haline getirir. Plajda bikininizin \u00fczerine zarif bir \u00f6rt\u00fc olarak kullanabilir veya \u015fehirde g\u00fcnl\u00fck k\u0131yafetlerinizin \u00fczerine giyerek stilinizi tamamlayabilirsiniz. Ayr\u0131ca evde rahat bir g\u00fcn ge\u00e7irirken de bu kimononun konforundan faydalanabilirsiniz.<\/p>","protected":false},"excerpt":{"rendered":"<p>Hint desenlerinin egzotik g\u00fczelli\u011fi ve hardal sar\u0131s\u0131n\u0131n s\u0131cak tonlar\u0131 ile tasarlanan Hint Desenli Hardal Sar\u0131s\u0131 Kimono, stilinize zarif ve etnik<\/p>","protected":false},"featured_media":10954,"template":"","meta":{"_joinchat":[]},"product_brand":[],"product_cat":[70],"product_tag":[],"class_list":{"0":"post-11098","1":"product","2":"type-product","3":"status-publish","4":"has-post-thumbnail","6":"product_cat-muslin-kimono","8":"first","9":"instock","10":"sale","11":"purchasable","12":"product-type-simple"},"_links":{"self":[{"href":"https:\/\/www.mebee.com.tr\/ar\/wp-json\/wp\/v2\/product\/11098","targetHints":{"allow":["GET"]}}],"collection":[{"href":"https:\/\/www.mebee.com.tr\/ar\/wp-json\/wp\/v2\/product"}],"about":[{"href":"https:\/\/www.mebee.com.tr\/ar\/wp-json\/wp\/v2\/types\/product"}],"version-history":[{"count":0,"href":"https:\/\/www.mebee.com.tr\/ar\/wp-json\/wp\/v2\/product\/11098\/revisions"}],"wp:featuredmedia":[{"embeddable":true,"href":"https:\/\/www.mebee.com.tr\/ar\/wp-json\/wp\/v2\/media\/10954"}],"wp:attachment":[{"href":"https:\/\/www.mebee.com.tr\/ar\/wp-json\/wp\/v2\/media?parent=11098"}],"wp:term":[{"taxonomy":"product_brand","embeddable":true,"href":"https:\/\/www.mebee.com.tr\/ar\/wp-json\/wp\/v2\/product_brand?post=11098"},{"taxonomy":"product_cat","embeddable":true,"href":"https:\/\/www.mebee.com.tr\/ar\/wp-json\/wp\/v2\/product_cat?post=11098"},{"taxonomy":"product_tag","embeddable":true,"href":"https:\/\/www.mebee.com.tr\/ar\/wp-json\/wp\/v2\/product_tag?post=11098"}],"curies":[{"name":"wp","href":"https:\/\/api.w.org\/{rel}","templated":true}]}}