{"id":11090,"date":"2024-02-11T01:52:31","date_gmt":"2024-02-10T22:52:31","guid":{"rendered":"https:\/\/mebee.com.tr\/urun\/crop-sortlu-takim-zumrut-yesili"},"modified":"2025-03-18T22:31:40","modified_gmt":"2025-03-18T19:31:40","slug":"crop-sortlu-takim-zumrut-yesili","status":"publish","type":"product","link":"https:\/\/www.mebee.com.tr\/ar\/%d8%a7%d9%84%d9%85%d9%86%d8%aa%d8%ac\/crop-sortlu-takim-zumrut-yesili","title":{"rendered":"\u0637\u0642\u0645 \u0634\u0648\u0631\u062a \u0642\u0635\u064a\u0631 \u0642\u0635\u064a\u0631 \u0623\u062e\u0636\u0631 \u0632\u0645\u0631\u062f\u064a"},"content":{"rendered":"<p>M\u00fcslin Crop \u015eortlu Tak\u0131m Z\u00fcmr\u00fct Ye\u015fili, yaz g\u00fcnlerinde serin ve \u015f\u0131k bir se\u00e7enek sunar. Z\u00fcmr\u00fct ye\u015fili rengin canl\u0131 ve do\u011fal tonu, hafif m\u00fcslin kuma\u015f\u0131yla birle\u015ferek hem g\u00f6rsel bir tazelik hem de \u00fcst d\u00fczey bir konfor sa\u011flar. Bu tak\u0131m, crop top ve \u015fort olmak \u00fczere iki par\u00e7adan olu\u015fur ve her biri rahat bir kesime sahiptir, bu sayede g\u00fcn boyu rahatl\u0131k sunar.<\/p>\n<p>Crop top, sade tasar\u0131m\u0131yla modern bir \u00e7izgiye sahiptir, \u015fort ise y\u00fcksek belli ve rahat bir fit ile tamamlan\u0131r. \u0130ster g\u00fcnl\u00fck kullan\u0131mda ister plajda, M\u00fcslin Crop \u015eortlu Tak\u0131m Z\u00fcmr\u00fct Ye\u015fili, stilinizi canl\u0131 ve rahat bir \u015fekilde tamamlar. Hem rahat hem de trend bir g\u00f6r\u00fcn\u00fcm arayanlar i\u00e7in ideal bir se\u00e7enektir. Her ortamda do\u011fal bir \u015f\u0131kl\u0131k yans\u0131tan bu tak\u0131m, yaz gard\u0131robunuzun vazge\u00e7ilmez bir par\u00e7as\u0131 olacak.<\/p>","protected":false},"excerpt":{"rendered":"<p>M\u00fcslin Crop \u015eortlu Tak\u0131m Z\u00fcmr\u00fct Ye\u015fili, yaz g\u00fcnlerinde serin ve \u015f\u0131k bir se\u00e7enek sunar. Z\u00fcmr\u00fct ye\u015fili rengin canl\u0131 ve do\u011fal<\/p>","protected":false},"featured_media":10904,"template":"","meta":{"_joinchat":[]},"product_brand":[],"product_cat":[79],"product_tag":[],"class_list":{"0":"post-11090","1":"product","2":"type-product","3":"status-publish","4":"has-post-thumbnail","6":"product_cat-muslin-crop","8":"first","9":"outofstock","10":"sale","11":"purchasable","12":"product-type-simple"},"_links":{"self":[{"href":"https:\/\/www.mebee.com.tr\/ar\/wp-json\/wp\/v2\/product\/11090","targetHints":{"allow":["GET"]}}],"collection":[{"href":"https:\/\/www.mebee.com.tr\/ar\/wp-json\/wp\/v2\/product"}],"about":[{"href":"https:\/\/www.mebee.com.tr\/ar\/wp-json\/wp\/v2\/types\/product"}],"version-history":[{"count":1,"href":"https:\/\/www.mebee.com.tr\/ar\/wp-json\/wp\/v2\/product\/11090\/revisions"}],"predecessor-version":[{"id":12830,"href":"https:\/\/www.mebee.com.tr\/ar\/wp-json\/wp\/v2\/product\/11090\/revisions\/12830"}],"wp:featuredmedia":[{"embeddable":true,"href":"https:\/\/www.mebee.com.tr\/ar\/wp-json\/wp\/v2\/media\/10904"}],"wp:attachment":[{"href":"https:\/\/www.mebee.com.tr\/ar\/wp-json\/wp\/v2\/media?parent=11090"}],"wp:term":[{"taxonomy":"product_brand","embeddable":true,"href":"https:\/\/www.mebee.com.tr\/ar\/wp-json\/wp\/v2\/product_brand?post=11090"},{"taxonomy":"product_cat","embeddable":true,"href":"https:\/\/www.mebee.com.tr\/ar\/wp-json\/wp\/v2\/product_cat?post=11090"},{"taxonomy":"product_tag","embeddable":true,"href":"https:\/\/www.mebee.com.tr\/ar\/wp-json\/wp\/v2\/product_tag?post=11090"}],"curies":[{"name":"wp","href":"https:\/\/api.w.org\/{rel}","templated":true}]}}