{"id":11088,"date":"2024-02-11T01:52:31","date_gmt":"2024-02-10T22:52:31","guid":{"rendered":"https:\/\/mebee.com.tr\/urun\/crop-sortlu-takim-turuncu"},"modified":"2025-03-18T22:31:40","modified_gmt":"2025-03-18T19:31:40","slug":"crop-sortlu-takim-turuncu","status":"publish","type":"product","link":"https:\/\/www.mebee.com.tr\/ar\/%d8%a7%d9%84%d9%85%d9%86%d8%aa%d8%ac\/crop-sortlu-takim-turuncu","title":{"rendered":"\u0637\u0642\u0645 \u0634\u0648\u0631\u062a \u0642\u0635\u064a\u0631 \u0642\u0635\u064a\u0631 \u0628\u0631\u062a\u0642\u0627\u0644\u064a"},"content":{"rendered":"<p>Crop \u015eortlu Tak\u0131m Turuncu, yaz mevsimine enerji ve canl\u0131l\u0131k katan bir se\u00e7enektir. Parlak turuncu rengin ne\u015fe veren tonu, hafif ve nefes alabilen kuma\u015f\u0131yla birle\u015ferek hem g\u00f6rsel bir \u00e7ekicilik hem de \u00fcst d\u00fczey bir konfor sunar. Bu iki par\u00e7al\u0131 tak\u0131m, crop top ve \u015forttan olu\u015fur ve modern bir siluet sergiler.<\/p>\n<p>Crop top, minimalist tasar\u0131m\u0131yla \u00e7a\u011fda\u015f bir havaya sahipken, \u015fort y\u00fcksek belli ve geni\u015f kesimi ile rahat bir kullan\u0131m sa\u011flar. \u0130ster g\u00fcnl\u00fck etkinliklerde ister tatil g\u00fcnlerinde tercih edilebilecek Crop \u015eortlu Tak\u0131m Turuncu, stilinizi dinamik ve \u015f\u0131k bir \u015fekilde tamamlar. Bu canl\u0131 tak\u0131m, hem rahatl\u0131k hem de stil aray\u0131\u015f\u0131nda olanlar i\u00e7in ideal bir yazl\u0131k par\u00e7ad\u0131r. Her durumda g\u00f6z al\u0131c\u0131 bir \u015f\u0131kl\u0131k sunan bu tak\u0131m, gard\u0131robunuzun en renkli ve en sevilen \u00fcyelerinden biri olmaya aday.<\/p>","protected":false},"excerpt":{"rendered":"<p>Crop \u015eortlu Tak\u0131m Turuncu, yaz mevsimine enerji ve canl\u0131l\u0131k katan bir se\u00e7enektir. Parlak turuncu rengin ne\u015fe veren tonu, hafif ve<\/p>","protected":false},"featured_media":14761,"template":"","meta":{"_joinchat":[]},"product_brand":[],"product_cat":[79],"product_tag":[],"class_list":{"0":"post-11088","1":"product","2":"type-product","3":"status-publish","4":"has-post-thumbnail","6":"product_cat-muslin-crop","8":"first","9":"instock","10":"sale","11":"purchasable","12":"product-type-simple"},"_links":{"self":[{"href":"https:\/\/www.mebee.com.tr\/ar\/wp-json\/wp\/v2\/product\/11088","targetHints":{"allow":["GET"]}}],"collection":[{"href":"https:\/\/www.mebee.com.tr\/ar\/wp-json\/wp\/v2\/product"}],"about":[{"href":"https:\/\/www.mebee.com.tr\/ar\/wp-json\/wp\/v2\/types\/product"}],"version-history":[{"count":1,"href":"https:\/\/www.mebee.com.tr\/ar\/wp-json\/wp\/v2\/product\/11088\/revisions"}],"predecessor-version":[{"id":12831,"href":"https:\/\/www.mebee.com.tr\/ar\/wp-json\/wp\/v2\/product\/11088\/revisions\/12831"}],"wp:featuredmedia":[{"embeddable":true,"href":"https:\/\/www.mebee.com.tr\/ar\/wp-json\/wp\/v2\/media\/14761"}],"wp:attachment":[{"href":"https:\/\/www.mebee.com.tr\/ar\/wp-json\/wp\/v2\/media?parent=11088"}],"wp:term":[{"taxonomy":"product_brand","embeddable":true,"href":"https:\/\/www.mebee.com.tr\/ar\/wp-json\/wp\/v2\/product_brand?post=11088"},{"taxonomy":"product_cat","embeddable":true,"href":"https:\/\/www.mebee.com.tr\/ar\/wp-json\/wp\/v2\/product_cat?post=11088"},{"taxonomy":"product_tag","embeddable":true,"href":"https:\/\/www.mebee.com.tr\/ar\/wp-json\/wp\/v2\/product_tag?post=11088"}],"curies":[{"name":"wp","href":"https:\/\/api.w.org\/{rel}","templated":true}]}}