{"id":11086,"date":"2024-02-11T01:52:31","date_gmt":"2024-02-10T22:52:31","guid":{"rendered":"https:\/\/mebee.com.tr\/urun\/crop-sortlu-takim-sari"},"modified":"2025-03-18T22:31:40","modified_gmt":"2025-03-18T19:31:40","slug":"crop-sortlu-takim-sari","status":"publish","type":"product","link":"https:\/\/www.mebee.com.tr\/ar\/%d8%a7%d9%84%d9%85%d9%86%d8%aa%d8%ac\/crop-sortlu-takim-sari","title":{"rendered":"Crop \u015eortlu Tak\u0131m Sar\u0131"},"content":{"rendered":"<p>Crop \u015eortlu Tak\u0131m Sar\u0131, yaz aylar\u0131n\u0131z\u0131 ayd\u0131nlatan canl\u0131 ve \u015f\u0131k bir se\u00e7enektir. Parlak sar\u0131 rengin g\u00fcne\u015f gibi \u0131s\u0131tan tonu, hafif ve konforlu kuma\u015f\u0131yla birle\u015ferek hem g\u00f6rsel bir \u00e7ekicilik hem de rahat bir kullan\u0131m sunar. Bu iki par\u00e7al\u0131 tak\u0131m, bir crop top ve \u015forttan olu\u015fur, her ikisi de modern ve gen\u00e7 bir siluet sergiler.<\/p>\n<p>Crop top, k\u0131sa ve sade tasar\u0131m\u0131yla \u00e7a\u011fda\u015f bir g\u00f6r\u00fcn\u00fcm sunarken, \u015fort y\u00fcksek belli ve rahat bir kesimle tamamlan\u0131r. \u0130ster g\u00fcnl\u00fck kullan\u0131mda ister plajda, Crop \u015eortlu Tak\u0131m Sar\u0131, stilinizi ne\u015feli ve dinamik bir \u015fekilde tamamlar. Bu parlak tak\u0131m, hem konfor hem de dikkat \u00e7ekici bir tarz arayanlar i\u00e7in m\u00fckemmel bir yazl\u0131k par\u00e7ad\u0131r. Her durumda pozitif enerji yayan bu tak\u0131m, gard\u0131robunuzun vazge\u00e7ilmez bir par\u00e7as\u0131 olacak.<\/p>","protected":false},"excerpt":{"rendered":"<p>Crop \u015eortlu Tak\u0131m Sar\u0131, yaz aylar\u0131n\u0131z\u0131 ayd\u0131nlatan canl\u0131 ve \u015f\u0131k bir se\u00e7enektir. Parlak sar\u0131 rengin g\u00fcne\u015f gibi \u0131s\u0131tan tonu, hafif<\/p>","protected":false},"featured_media":10879,"template":"","meta":{"_joinchat":[]},"product_brand":[],"product_cat":[79],"product_tag":[],"class_list":{"0":"post-11086","1":"product","2":"type-product","3":"status-publish","4":"has-post-thumbnail","6":"product_cat-muslin-crop","8":"first","9":"outofstock","10":"sale","11":"purchasable","12":"product-type-simple"},"_links":{"self":[{"href":"https:\/\/www.mebee.com.tr\/ar\/wp-json\/wp\/v2\/product\/11086","targetHints":{"allow":["GET"]}}],"collection":[{"href":"https:\/\/www.mebee.com.tr\/ar\/wp-json\/wp\/v2\/product"}],"about":[{"href":"https:\/\/www.mebee.com.tr\/ar\/wp-json\/wp\/v2\/types\/product"}],"version-history":[{"count":1,"href":"https:\/\/www.mebee.com.tr\/ar\/wp-json\/wp\/v2\/product\/11086\/revisions"}],"predecessor-version":[{"id":12832,"href":"https:\/\/www.mebee.com.tr\/ar\/wp-json\/wp\/v2\/product\/11086\/revisions\/12832"}],"wp:featuredmedia":[{"embeddable":true,"href":"https:\/\/www.mebee.com.tr\/ar\/wp-json\/wp\/v2\/media\/10879"}],"wp:attachment":[{"href":"https:\/\/www.mebee.com.tr\/ar\/wp-json\/wp\/v2\/media?parent=11086"}],"wp:term":[{"taxonomy":"product_brand","embeddable":true,"href":"https:\/\/www.mebee.com.tr\/ar\/wp-json\/wp\/v2\/product_brand?post=11086"},{"taxonomy":"product_cat","embeddable":true,"href":"https:\/\/www.mebee.com.tr\/ar\/wp-json\/wp\/v2\/product_cat?post=11086"},{"taxonomy":"product_tag","embeddable":true,"href":"https:\/\/www.mebee.com.tr\/ar\/wp-json\/wp\/v2\/product_tag?post=11086"}],"curies":[{"name":"wp","href":"https:\/\/api.w.org\/{rel}","templated":true}]}}