{"id":11078,"date":"2024-02-11T01:51:56","date_gmt":"2024-02-10T22:51:56","guid":{"rendered":"https:\/\/mebee.com.tr\/urun\/crop-sortlu-takim-hardal-sarisi"},"modified":"2025-03-18T22:31:39","modified_gmt":"2025-03-18T19:31:39","slug":"crop-sortlu-takim-hardal-sarisi","status":"publish","type":"product","link":"https:\/\/www.mebee.com.tr\/ar\/%d8%a7%d9%84%d9%85%d9%86%d8%aa%d8%ac\/crop-sortlu-takim-hardal-sarisi","title":{"rendered":"Crop \u015eortlu Tak\u0131m Hardal Sar\u0131s\u0131"},"content":{"rendered":"<p>Hardal sar\u0131s\u0131n\u0131n s\u0131cak ve enerjik tonlar\u0131yla tasarlanan Crop \u015eortlu Tak\u0131m, stilinize modern ve dinamik bir dokunu\u015f kat\u0131yor. Bu dikkat \u00e7ekici tak\u0131m, her an\u0131n\u0131za canl\u0131l\u0131k ve ne\u015fe getirerek gard\u0131robunuzun en sevilen par\u00e7alar\u0131ndan biri olacak. Hem g\u00fcnl\u00fck kullan\u0131mda hem de \u00f6zel anlarda tercih edebilece\u011finiz bu tasar\u0131m, rahatl\u0131\u011f\u0131 ve \u015f\u0131kl\u0131\u011f\u0131 bir arada sunuyor.<\/p>\n<p>Y\u00fcksek kaliteli ve hafif kuma\u015f\u0131, cildinize yumu\u015fak bir dokunu\u015f sa\u011flar ve g\u00fcn boyu konfor sunar. Nefes alabilir yap\u0131s\u0131 sayesinde s\u0131cak havalarda serin kalman\u0131za yard\u0131mc\u0131 olurken, crop \u00fcst ve \u015fort kombinasyonu ile modern ve \u015f\u0131k bir g\u00f6r\u00fcn\u00fcm sunar. Hardal sar\u0131s\u0131n\u0131n canl\u0131 tonu, her ortamda enerjik ve sofistike bir stil yarat\u0131r.<\/p>\n<p>Crop \u00fcst, zarif kesimi ve rahat yap\u0131s\u0131 ile hareket \u00f6zg\u00fcrl\u00fc\u011f\u00fc sunar. \u015eort ise feminen ve rahat bir siluet olu\u015fturur. Bu tak\u0131m, \u015fehirde gezintiye \u00e7\u0131karken, arkada\u015f bulu\u015fmalar\u0131nda veya \u00f6zel davetlerde rahatl\u0131kla tercih edilebilir. Ayr\u0131ca plajda veya tatilde de dikkat \u00e7ekici bir g\u00f6r\u00fcn\u00fcm elde etmenizi sa\u011flar.<\/p>","protected":false},"excerpt":{"rendered":"<p>Hardal sar\u0131s\u0131n\u0131n s\u0131cak ve enerjik tonlar\u0131yla tasarlanan Crop \u015eortlu Tak\u0131m, stilinize modern ve dinamik bir dokunu\u015f kat\u0131yor. Bu dikkat \u00e7ekici<\/p>","protected":false},"featured_media":10829,"template":"","meta":{"_joinchat":[]},"product_brand":[],"product_cat":[79],"product_tag":[],"class_list":{"0":"post-11078","1":"product","2":"type-product","3":"status-publish","4":"has-post-thumbnail","6":"product_cat-muslin-crop","8":"first","9":"outofstock","10":"sale","11":"purchasable","12":"product-type-simple"},"_links":{"self":[{"href":"https:\/\/www.mebee.com.tr\/ar\/wp-json\/wp\/v2\/product\/11078","targetHints":{"allow":["GET"]}}],"collection":[{"href":"https:\/\/www.mebee.com.tr\/ar\/wp-json\/wp\/v2\/product"}],"about":[{"href":"https:\/\/www.mebee.com.tr\/ar\/wp-json\/wp\/v2\/types\/product"}],"version-history":[{"count":1,"href":"https:\/\/www.mebee.com.tr\/ar\/wp-json\/wp\/v2\/product\/11078\/revisions"}],"predecessor-version":[{"id":12843,"href":"https:\/\/www.mebee.com.tr\/ar\/wp-json\/wp\/v2\/product\/11078\/revisions\/12843"}],"wp:featuredmedia":[{"embeddable":true,"href":"https:\/\/www.mebee.com.tr\/ar\/wp-json\/wp\/v2\/media\/10829"}],"wp:attachment":[{"href":"https:\/\/www.mebee.com.tr\/ar\/wp-json\/wp\/v2\/media?parent=11078"}],"wp:term":[{"taxonomy":"product_brand","embeddable":true,"href":"https:\/\/www.mebee.com.tr\/ar\/wp-json\/wp\/v2\/product_brand?post=11078"},{"taxonomy":"product_cat","embeddable":true,"href":"https:\/\/www.mebee.com.tr\/ar\/wp-json\/wp\/v2\/product_cat?post=11078"},{"taxonomy":"product_tag","embeddable":true,"href":"https:\/\/www.mebee.com.tr\/ar\/wp-json\/wp\/v2\/product_tag?post=11078"}],"curies":[{"name":"wp","href":"https:\/\/api.w.org\/{rel}","templated":true}]}}