{"id":11070,"date":"2024-02-11T01:51:56","date_gmt":"2024-02-10T22:51:56","guid":{"rendered":"https:\/\/mebee.com.tr\/urun\/crop-sortlu-takim-amber-sarisi"},"modified":"2025-03-18T22:31:36","modified_gmt":"2025-03-18T19:31:36","slug":"crop-sortlu-takim-amber-sarisi","status":"publish","type":"product","link":"https:\/\/www.mebee.com.tr\/ar\/%d8%a7%d9%84%d9%85%d9%86%d8%aa%d8%ac\/crop-sortlu-takim-amber-sarisi","title":{"rendered":"\u0637\u0642\u0645 \u0634\u0648\u0631\u062a \u0642\u0635\u064a\u0631 \u0642\u0635\u064a\u0631 \u0623\u0635\u0641\u0631 \u0639\u0646\u0628\u0631\u064a"},"content":{"rendered":"<p>Crop \u015eortlu Tak\u0131m Amber Sar\u0131s\u0131, s\u0131cak ve canl\u0131 bir stil sunar. Amber sar\u0131s\u0131n\u0131n zengin ve parlak tonu, hafif ve konforlu kuma\u015f\u0131yla birle\u015ferek hem g\u00f6rsel bir \u00e7ekicilik hem de rahat bir kullan\u0131m sunar. Bu iki par\u00e7al\u0131 tak\u0131m, bir crop top ve \u015forttan olu\u015fur, her ikisi de \u00e7a\u011fda\u015f ve enerjik bir siluet sergiler.<\/p>\n<p>Crop top, k\u0131sa ve s\u0131k\u0131 kesimiyle modern bir g\u00f6r\u00fcn\u00fcm sunarken, \u015fort y\u00fcksek belli ve rahat bir kesimle tamamlan\u0131r. \u0130ster g\u00fcnl\u00fck kullan\u0131mda ister yazl\u0131k bir etkinlikte, Crop \u015eortlu Tak\u0131m Amber Sar\u0131s\u0131, stilinizi canl\u0131 ve dinamik bir \u015fekilde tamamlar. Bu canl\u0131 tak\u0131m, hem konfor hem de dikkat \u00e7ekici bir tarz arayanlar i\u00e7in m\u00fckemmel bir yazl\u0131k par\u00e7ad\u0131r. Her durumda pozitif bir enerji yayan bu tak\u0131m, gard\u0131robunuzun en sevilen ve en \u00e7ok kullan\u0131lan par\u00e7alar\u0131ndan biri olmaya aday.<\/p>","protected":false},"excerpt":{"rendered":"<p>Crop \u015eortlu Tak\u0131m Amber Sar\u0131s\u0131, s\u0131cak ve canl\u0131 bir stil sunar. Amber sar\u0131s\u0131n\u0131n zengin ve parlak tonu, hafif ve konforlu<\/p>","protected":false},"featured_media":10778,"template":"","meta":{"_joinchat":[]},"product_brand":[],"product_cat":[79],"product_tag":[],"class_list":{"0":"post-11070","1":"product","2":"type-product","3":"status-publish","4":"has-post-thumbnail","6":"product_cat-muslin-crop","8":"first","9":"outofstock","10":"sale","11":"purchasable","12":"product-type-simple"},"_links":{"self":[{"href":"https:\/\/www.mebee.com.tr\/ar\/wp-json\/wp\/v2\/product\/11070","targetHints":{"allow":["GET"]}}],"collection":[{"href":"https:\/\/www.mebee.com.tr\/ar\/wp-json\/wp\/v2\/product"}],"about":[{"href":"https:\/\/www.mebee.com.tr\/ar\/wp-json\/wp\/v2\/types\/product"}],"version-history":[{"count":1,"href":"https:\/\/www.mebee.com.tr\/ar\/wp-json\/wp\/v2\/product\/11070\/revisions"}],"predecessor-version":[{"id":12839,"href":"https:\/\/www.mebee.com.tr\/ar\/wp-json\/wp\/v2\/product\/11070\/revisions\/12839"}],"wp:featuredmedia":[{"embeddable":true,"href":"https:\/\/www.mebee.com.tr\/ar\/wp-json\/wp\/v2\/media\/10778"}],"wp:attachment":[{"href":"https:\/\/www.mebee.com.tr\/ar\/wp-json\/wp\/v2\/media?parent=11070"}],"wp:term":[{"taxonomy":"product_brand","embeddable":true,"href":"https:\/\/www.mebee.com.tr\/ar\/wp-json\/wp\/v2\/product_brand?post=11070"},{"taxonomy":"product_cat","embeddable":true,"href":"https:\/\/www.mebee.com.tr\/ar\/wp-json\/wp\/v2\/product_cat?post=11070"},{"taxonomy":"product_tag","embeddable":true,"href":"https:\/\/www.mebee.com.tr\/ar\/wp-json\/wp\/v2\/product_tag?post=11070"}],"curies":[{"name":"wp","href":"https:\/\/api.w.org\/{rel}","templated":true}]}}