{"id":11066,"date":"2024-02-11T01:51:56","date_gmt":"2024-02-10T22:51:56","guid":{"rendered":"https:\/\/mebee.com.tr\/urun\/crop-sort-takim-beyaz"},"modified":"2025-03-18T22:31:35","modified_gmt":"2025-03-18T19:31:35","slug":"crop-sort-takim-beyaz","status":"publish","type":"product","link":"https:\/\/www.mebee.com.tr\/ar\/%d8%a7%d9%84%d9%85%d9%86%d8%aa%d8%ac\/crop-sort-takim-beyaz","title":{"rendered":"Crop \u015eort Tak\u0131m Beyaz"},"content":{"rendered":"<p>Crop \u015eort Tak\u0131m Beyaz, temiz ve sofistike bir stil sunar. Beyaz rengin saf ve \u015f\u0131k tonu, hafif ve rahat kuma\u015f\u0131yla birle\u015ferek hem g\u00f6rsel bir sadelik hem de \u00fcst d\u00fczey bir konfor sunar. Bu iki par\u00e7al\u0131 tak\u0131m, bir crop top ve \u015forttan olu\u015fur, her ikisi de \u00e7a\u011fda\u015f ve ferah bir siluet sergiler.<\/p>\n<p>Crop top, d\u00fcz ve sade tasar\u0131m\u0131yla minimalist bir \u00e7izgiye sahiptir, \u015fort ise y\u00fcksek belli ve rahat bir kesimle tamamlan\u0131r. \u0130ster g\u00fcnl\u00fck etkinliklerde ister yaz partilerinde, Crop \u015eort Tak\u0131m Beyaz, stilinizi hafif ve zarif bir \u015fekilde tamamlar. Bu canl\u0131 ve rahat tak\u0131m, hem konfor hem de stil aray\u0131\u015f\u0131nda olanlar i\u00e7in m\u00fckemmel bir yazl\u0131k par\u00e7ad\u0131r. Her durumda sofistike bir \u015f\u0131kl\u0131k sunan bu tak\u0131m, gard\u0131robunuzun en sevilen ve en \u00e7ok kullan\u0131lan \u00fcyelerinden biri olmaya aday.<\/p>","protected":false},"excerpt":{"rendered":"<p>Crop \u015eort Tak\u0131m Beyaz, temiz ve sofistike bir stil sunar. Beyaz rengin saf ve \u015f\u0131k tonu, hafif ve rahat kuma\u015f\u0131yla<\/p>","protected":false},"featured_media":10757,"template":"","meta":{"_joinchat":[]},"product_brand":[],"product_cat":[79],"product_tag":[],"class_list":{"0":"post-11066","1":"product","2":"type-product","3":"status-publish","4":"has-post-thumbnail","6":"product_cat-muslin-crop","8":"first","9":"outofstock","10":"sale","11":"purchasable","12":"product-type-simple"},"_links":{"self":[{"href":"https:\/\/www.mebee.com.tr\/ar\/wp-json\/wp\/v2\/product\/11066","targetHints":{"allow":["GET"]}}],"collection":[{"href":"https:\/\/www.mebee.com.tr\/ar\/wp-json\/wp\/v2\/product"}],"about":[{"href":"https:\/\/www.mebee.com.tr\/ar\/wp-json\/wp\/v2\/types\/product"}],"version-history":[{"count":1,"href":"https:\/\/www.mebee.com.tr\/ar\/wp-json\/wp\/v2\/product\/11066\/revisions"}],"predecessor-version":[{"id":12837,"href":"https:\/\/www.mebee.com.tr\/ar\/wp-json\/wp\/v2\/product\/11066\/revisions\/12837"}],"wp:featuredmedia":[{"embeddable":true,"href":"https:\/\/www.mebee.com.tr\/ar\/wp-json\/wp\/v2\/media\/10757"}],"wp:attachment":[{"href":"https:\/\/www.mebee.com.tr\/ar\/wp-json\/wp\/v2\/media?parent=11066"}],"wp:term":[{"taxonomy":"product_brand","embeddable":true,"href":"https:\/\/www.mebee.com.tr\/ar\/wp-json\/wp\/v2\/product_brand?post=11066"},{"taxonomy":"product_cat","embeddable":true,"href":"https:\/\/www.mebee.com.tr\/ar\/wp-json\/wp\/v2\/product_cat?post=11066"},{"taxonomy":"product_tag","embeddable":true,"href":"https:\/\/www.mebee.com.tr\/ar\/wp-json\/wp\/v2\/product_tag?post=11066"}],"curies":[{"name":"wp","href":"https:\/\/api.w.org\/{rel}","templated":true}]}}