{"id":11062,"date":"2024-02-11T01:51:56","date_gmt":"2024-02-10T22:51:56","guid":{"rendered":"https:\/\/mebee.com.tr\/urun\/crop-pantolonlu-mavi-takim"},"modified":"2025-03-18T22:31:35","modified_gmt":"2025-03-18T19:31:35","slug":"crop-pantolonlu-mavi-takim","status":"publish","type":"product","link":"https:\/\/www.mebee.com.tr\/ar\/%d8%a7%d9%84%d9%85%d9%86%d8%aa%d8%ac\/crop-pantolonlu-mavi-takim","title":{"rendered":"Crop Pantolonlu Mavi Tak\u0131m"},"content":{"rendered":"<p>Crop Pantolonlu Mavi Tak\u0131m, modern ve \u015f\u0131k bir stil sunar. Mavi rengin ferah ve sakin tonu, hafif ve nefes alabilen kuma\u015f\u0131yla birle\u015ferek hem g\u00f6rsel bir \u00e7ekicilik hem de rahat bir kullan\u0131m sunar. Bu iki par\u00e7al\u0131 tak\u0131m, bir crop top ve geni\u015f pa\u00e7al\u0131 pantolondan olu\u015fur, her ikisi de \u00e7a\u011fda\u015f bir siluet sergiler.<\/p>\n<p>Crop top, k\u0131sa ve dar kesimiyle modern bir g\u00f6r\u00fcn\u00fcm sunarken, pantolon y\u00fcksek belli ve bol kesimi ile rahat bir fit sa\u011flar. \u0130ster i\u015f yerinde ister ak\u015fam d\u0131\u015far\u0131 \u00e7\u0131karken, Crop Pantolonlu Mavi Tak\u0131m, stilinizi dinamik ve \u015f\u0131k bir \u015fekilde tamamlar. Bu rahat ve trendy tak\u0131m, hem i\u015flevsellik hem de stil aray\u0131\u015f\u0131nda olanlar i\u00e7in ideal bir se\u00e7imdir. Her ortamda \u015f\u0131k bir g\u00f6r\u00fcn\u00fcm sunan bu tak\u0131m, gard\u0131robunuzun en kullan\u0131\u015fl\u0131 ve g\u00f6zde par\u00e7alar\u0131ndan biri olacak.<\/p>","protected":false},"excerpt":{"rendered":"<p>Crop Pantolonlu Mavi Tak\u0131m, modern ve \u015f\u0131k bir stil sunar. Mavi rengin ferah ve sakin tonu, hafif ve nefes alabilen<\/p>","protected":false},"featured_media":10735,"template":"","meta":{"_joinchat":[]},"product_brand":[],"product_cat":[79],"product_tag":[],"class_list":{"0":"post-11062","1":"product","2":"type-product","3":"status-publish","4":"has-post-thumbnail","6":"product_cat-muslin-crop","8":"first","9":"outofstock","10":"sale","11":"purchasable","12":"product-type-simple"},"_links":{"self":[{"href":"https:\/\/www.mebee.com.tr\/ar\/wp-json\/wp\/v2\/product\/11062","targetHints":{"allow":["GET"]}}],"collection":[{"href":"https:\/\/www.mebee.com.tr\/ar\/wp-json\/wp\/v2\/product"}],"about":[{"href":"https:\/\/www.mebee.com.tr\/ar\/wp-json\/wp\/v2\/types\/product"}],"version-history":[{"count":1,"href":"https:\/\/www.mebee.com.tr\/ar\/wp-json\/wp\/v2\/product\/11062\/revisions"}],"predecessor-version":[{"id":12835,"href":"https:\/\/www.mebee.com.tr\/ar\/wp-json\/wp\/v2\/product\/11062\/revisions\/12835"}],"wp:featuredmedia":[{"embeddable":true,"href":"https:\/\/www.mebee.com.tr\/ar\/wp-json\/wp\/v2\/media\/10735"}],"wp:attachment":[{"href":"https:\/\/www.mebee.com.tr\/ar\/wp-json\/wp\/v2\/media?parent=11062"}],"wp:term":[{"taxonomy":"product_brand","embeddable":true,"href":"https:\/\/www.mebee.com.tr\/ar\/wp-json\/wp\/v2\/product_brand?post=11062"},{"taxonomy":"product_cat","embeddable":true,"href":"https:\/\/www.mebee.com.tr\/ar\/wp-json\/wp\/v2\/product_cat?post=11062"},{"taxonomy":"product_tag","embeddable":true,"href":"https:\/\/www.mebee.com.tr\/ar\/wp-json\/wp\/v2\/product_tag?post=11062"}],"curies":[{"name":"wp","href":"https:\/\/api.w.org\/{rel}","templated":true}]}}