{"id":11040,"date":"2024-02-11T01:51:22","date_gmt":"2024-02-10T22:51:22","guid":{"rendered":"https:\/\/mebee.com.tr\/urun\/crop-etekli-takim-beyaz"},"modified":"2025-03-18T22:31:33","modified_gmt":"2025-03-18T19:31:33","slug":"crop-etekli-takim-beyaz","status":"publish","type":"product","link":"https:\/\/www.mebee.com.tr\/ar\/%d8%a7%d9%84%d9%85%d9%86%d8%aa%d8%ac\/crop-etekli-takim-beyaz","title":{"rendered":"Crop Etekli Tak\u0131m Beyaz"},"content":{"rendered":"<p>Crop Etekli Tak\u0131m Beyaz, zarif ve modern bir stil sunar. Beyaz rengin saf ve \u015f\u0131k tonu, hafif ve rahat kuma\u015f\u0131yla birle\u015ferek hem g\u00f6rsel bir ferahl\u0131k hem de \u00fcst d\u00fczey bir konfor sunar. Bu iki par\u00e7al\u0131 tak\u0131m, bir crop top ve midi boy etekten olu\u015fur, her ikisi de sofistike ve \u00e7a\u011fda\u015f bir siluet sergiler.<\/p>\n<p>Crop top, k\u0131sa ve dar kesimiyle modern bir g\u00f6r\u00fcn\u00fcm sunarken, etek y\u00fcksek belli ve hafif d\u00f6k\u00fcml\u00fc yap\u0131s\u0131yla rahat bir fit sa\u011flar. \u0130ster g\u00fcnl\u00fck kullan\u0131mda ister \u00f6zel bir etkinlikte, Crop Etekli Tak\u0131m Beyaz, stilinizi zarif ve \u015f\u0131k bir \u015fekilde tamamlar. Bu zarif tak\u0131m, hem rahatl\u0131k hem de dikkat \u00e7ekici bir tarz arayanlar i\u00e7in m\u00fckemmel bir se\u00e7imdir. Her ortamda sofistike bir \u015f\u0131kl\u0131k sunan bu tak\u0131m, gard\u0131robunuzun en sevilen par\u00e7alar\u0131ndan biri olacak.<\/p>","protected":false},"excerpt":{"rendered":"<p>Crop Etekli Tak\u0131m Beyaz, zarif ve modern bir stil sunar. Beyaz rengin saf ve \u015f\u0131k tonu, hafif ve rahat kuma\u015f\u0131yla<\/p>","protected":false},"featured_media":10601,"template":"","meta":{"_joinchat":[]},"product_brand":[],"product_cat":[79],"product_tag":[],"class_list":{"0":"post-11040","1":"product","2":"type-product","3":"status-publish","4":"has-post-thumbnail","6":"product_cat-muslin-crop","8":"first","9":"outofstock","10":"sale","11":"purchasable","12":"product-type-simple"},"_links":{"self":[{"href":"https:\/\/www.mebee.com.tr\/ar\/wp-json\/wp\/v2\/product\/11040","targetHints":{"allow":["GET"]}}],"collection":[{"href":"https:\/\/www.mebee.com.tr\/ar\/wp-json\/wp\/v2\/product"}],"about":[{"href":"https:\/\/www.mebee.com.tr\/ar\/wp-json\/wp\/v2\/types\/product"}],"version-history":[{"count":1,"href":"https:\/\/www.mebee.com.tr\/ar\/wp-json\/wp\/v2\/product\/11040\/revisions"}],"predecessor-version":[{"id":12856,"href":"https:\/\/www.mebee.com.tr\/ar\/wp-json\/wp\/v2\/product\/11040\/revisions\/12856"}],"wp:featuredmedia":[{"embeddable":true,"href":"https:\/\/www.mebee.com.tr\/ar\/wp-json\/wp\/v2\/media\/10601"}],"wp:attachment":[{"href":"https:\/\/www.mebee.com.tr\/ar\/wp-json\/wp\/v2\/media?parent=11040"}],"wp:term":[{"taxonomy":"product_brand","embeddable":true,"href":"https:\/\/www.mebee.com.tr\/ar\/wp-json\/wp\/v2\/product_brand?post=11040"},{"taxonomy":"product_cat","embeddable":true,"href":"https:\/\/www.mebee.com.tr\/ar\/wp-json\/wp\/v2\/product_cat?post=11040"},{"taxonomy":"product_tag","embeddable":true,"href":"https:\/\/www.mebee.com.tr\/ar\/wp-json\/wp\/v2\/product_tag?post=11040"}],"curies":[{"name":"wp","href":"https:\/\/api.w.org\/{rel}","templated":true}]}}