{"id":11034,"date":"2024-02-11T01:51:22","date_gmt":"2024-02-10T22:51:22","guid":{"rendered":"https:\/\/mebee.com.tr\/urun\/colorful-eyes-sortlu-takim-kimono"},"modified":"2025-03-18T22:31:32","modified_gmt":"2025-03-18T19:31:32","slug":"colorful-eyes-sortlu-takim-kimono","status":"publish","type":"product","link":"https:\/\/www.mebee.com.tr\/ar\/%d8%a7%d9%84%d9%85%d9%86%d8%aa%d8%ac\/colorful-eyes-sortlu-takim-kimono","title":{"rendered":"Colorful Eyes \u015eortlu Tak\u0131m Kimono"},"content":{"rendered":"<p>Colorful Eyes \u015eortlu Tak\u0131m Kimono ile stilinize enerji ve canl\u0131l\u0131k kat\u0131n. Renkli g\u00f6z motifleriyle bezenmi\u015f bu \u015f\u0131k tak\u0131m, her an\u0131n\u0131za ne\u015fe ve \u015f\u0131kl\u0131k getiriyor. Hem rahat hem de g\u00f6z al\u0131c\u0131 bu tasar\u0131m, gard\u0131robunuzun vazge\u00e7ilmez par\u00e7alar\u0131ndan biri olacak.<\/p>\n<p>Bu tak\u0131m, y\u00fcksek kaliteli ve hafif kuma\u015f\u0131 sayesinde cildinize yumu\u015fak bir dokunu\u015f sa\u011flar. Nefes alabilir yap\u0131s\u0131 ile s\u0131cak havalarda serin kalman\u0131za yard\u0131mc\u0131 olurken, \u015fort ve kimono kombinasyonu ile hareket \u00f6zg\u00fcrl\u00fc\u011f\u00fc sunar. Colorful Eyes \u015eortlu Tak\u0131m Kimono, hem g\u00fcnl\u00fck kullan\u0131mda hem de \u00f6zel anlarda rahat\u00e7a tercih edilebilir.<\/p>\n<p>Renkli g\u00f6z motifleri ve canl\u0131 tasar\u0131m\u0131, her kombinle uyum sa\u011flar ve stilinize benzersiz bir dokunu\u015f katar. Plajda bikininizin \u00fczerine giyerek zarif bir \u00f6rt\u00fc olarak kullanabilir, \u015fehirde g\u00fcnl\u00fck k\u0131yafetlerinizle kombinleyerek enerjik bir stil yaratabilirsiniz. Ayr\u0131ca evde rahat bir g\u00fcn ge\u00e7irirken de bu tak\u0131m\u0131n konforunu ya\u015fayabilirsiniz. \u00c7ok y\u00f6nl\u00fc kullan\u0131m\u0131 ile her ortamda fark yaratman\u0131z\u0131 sa\u011flar.<\/p>","protected":false},"excerpt":{"rendered":"<p>Colorful Eyes \u015eortlu Tak\u0131m Kimono ile stilinize enerji ve canl\u0131l\u0131k kat\u0131n. Renkli g\u00f6z motifleriyle bezenmi\u015f bu \u015f\u0131k tak\u0131m, her an\u0131n\u0131za<\/p>","protected":false},"featured_media":10550,"template":"","meta":{"_joinchat":[]},"product_brand":[],"product_cat":[70],"product_tag":[],"class_list":{"0":"post-11034","1":"product","2":"type-product","3":"status-publish","4":"has-post-thumbnail","6":"product_cat-muslin-kimono","8":"first","9":"instock","10":"sale","11":"purchasable","12":"product-type-simple"},"_links":{"self":[{"href":"https:\/\/www.mebee.com.tr\/ar\/wp-json\/wp\/v2\/product\/11034","targetHints":{"allow":["GET"]}}],"collection":[{"href":"https:\/\/www.mebee.com.tr\/ar\/wp-json\/wp\/v2\/product"}],"about":[{"href":"https:\/\/www.mebee.com.tr\/ar\/wp-json\/wp\/v2\/types\/product"}],"version-history":[{"count":0,"href":"https:\/\/www.mebee.com.tr\/ar\/wp-json\/wp\/v2\/product\/11034\/revisions"}],"wp:featuredmedia":[{"embeddable":true,"href":"https:\/\/www.mebee.com.tr\/ar\/wp-json\/wp\/v2\/media\/10550"}],"wp:attachment":[{"href":"https:\/\/www.mebee.com.tr\/ar\/wp-json\/wp\/v2\/media?parent=11034"}],"wp:term":[{"taxonomy":"product_brand","embeddable":true,"href":"https:\/\/www.mebee.com.tr\/ar\/wp-json\/wp\/v2\/product_brand?post=11034"},{"taxonomy":"product_cat","embeddable":true,"href":"https:\/\/www.mebee.com.tr\/ar\/wp-json\/wp\/v2\/product_cat?post=11034"},{"taxonomy":"product_tag","embeddable":true,"href":"https:\/\/www.mebee.com.tr\/ar\/wp-json\/wp\/v2\/product_tag?post=11034"}],"curies":[{"name":"wp","href":"https:\/\/api.w.org\/{rel}","templated":true}]}}