{"id":11030,"date":"2024-02-11T01:51:22","date_gmt":"2024-02-10T22:51:22","guid":{"rendered":"https:\/\/mebee.com.tr\/urun\/colorful-little-eyes-pantolonlu-kisa-kol-kimono"},"modified":"2025-03-18T22:31:32","modified_gmt":"2025-03-18T19:31:32","slug":"colorful-little-eyes-pantolonlu-kisa-kol-kimono","status":"publish","type":"product","link":"https:\/\/www.mebee.com.tr\/ar\/%d8%a7%d9%84%d9%85%d9%86%d8%aa%d8%ac\/colorful-little-eyes-pantolonlu-kisa-kol-kimono","title":{"rendered":"\u0633\u062a\u0631\u0629 \u0645\u0648\u0633\u0644\u064a\u0646 \u0645\u0644\u0648\u0646\u0629 \u0630\u0627\u062a \u0639\u064a\u0648\u0646 \u0635\u063a\u064a\u0631\u0629 \u0645\u0639 \u0628\u0646\u0637\u0644\u0648\u0646"},"content":{"rendered":"<p>Colorful Little Eyes Pantolonlu M\u00fcslin Yelek, stilinize canl\u0131l\u0131k ve zarafet katmak i\u00e7in tasarland\u0131. Renkli ve sevimli g\u00f6z motifleri ile s\u00fcslenmi\u015f bu \u00f6zel tak\u0131m, her an\u0131n\u0131za enerji ve \u015f\u0131kl\u0131k getiriyor. Hem rahat hem de g\u00f6z al\u0131c\u0131 bu tasar\u0131m, gard\u0131robunuzun en sevilen par\u00e7alar\u0131ndan biri olacak.<\/p>\n<p>Bu tak\u0131m, y\u00fcksek kaliteli ve nefes alabilir m\u00fcslin kuma\u015f\u0131 sayesinde g\u00fcn boyu konfor sa\u011flar. Yumu\u015fak dokusu cildinize nazik\u00e7e dokunurken, pantolon ve yelek kombinasyonu ile hem hareket \u00f6zg\u00fcrl\u00fc\u011f\u00fc hem de zarif bir g\u00f6r\u00fcn\u00fcm sunar. Colorful Little Eyes Pantolonlu M\u00fcslin Yelek, hem g\u00fcnl\u00fck ya\u015famda hem de \u00f6zel anlarda rahat\u00e7a kullan\u0131labilir.<\/p>\n<p>Renkli g\u00f6z motifleri ve canl\u0131 tasar\u0131m\u0131, her kombinle uyum sa\u011flar ve stilinize benzersiz bir dokunu\u015f katar. G\u00fcnl\u00fck kullan\u0131mda rahatl\u0131kla tercih edebilir, \u015fehirde gezintiye \u00e7\u0131karken veya arkada\u015f bulu\u015fmalar\u0131nda stilinizi \u00f6n plana \u00e7\u0131karabilirsiniz. Ayr\u0131ca evde rahat bir g\u00fcn ge\u00e7irirken de bu tak\u0131m\u0131n konforunu ya\u015fayabilirsiniz.<\/p>","protected":false},"excerpt":{"rendered":"<p>Colorful Little Eyes Pantolonlu M\u00fcslin Yelek, stilinize canl\u0131l\u0131k ve zarafet katmak i\u00e7in tasarland\u0131. Renkli ve sevimli g\u00f6z motifleri ile s\u00fcslenmi\u015f<\/p>","protected":false},"featured_media":10527,"template":"","meta":{"_joinchat":[]},"product_brand":[],"product_cat":[70],"product_tag":[],"class_list":{"0":"post-11030","1":"product","2":"type-product","3":"status-publish","4":"has-post-thumbnail","6":"product_cat-muslin-kimono","8":"first","9":"instock","10":"sale","11":"purchasable","12":"product-type-simple"},"_links":{"self":[{"href":"https:\/\/www.mebee.com.tr\/ar\/wp-json\/wp\/v2\/product\/11030","targetHints":{"allow":["GET"]}}],"collection":[{"href":"https:\/\/www.mebee.com.tr\/ar\/wp-json\/wp\/v2\/product"}],"about":[{"href":"https:\/\/www.mebee.com.tr\/ar\/wp-json\/wp\/v2\/types\/product"}],"version-history":[{"count":0,"href":"https:\/\/www.mebee.com.tr\/ar\/wp-json\/wp\/v2\/product\/11030\/revisions"}],"wp:featuredmedia":[{"embeddable":true,"href":"https:\/\/www.mebee.com.tr\/ar\/wp-json\/wp\/v2\/media\/10527"}],"wp:attachment":[{"href":"https:\/\/www.mebee.com.tr\/ar\/wp-json\/wp\/v2\/media?parent=11030"}],"wp:term":[{"taxonomy":"product_brand","embeddable":true,"href":"https:\/\/www.mebee.com.tr\/ar\/wp-json\/wp\/v2\/product_brand?post=11030"},{"taxonomy":"product_cat","embeddable":true,"href":"https:\/\/www.mebee.com.tr\/ar\/wp-json\/wp\/v2\/product_cat?post=11030"},{"taxonomy":"product_tag","embeddable":true,"href":"https:\/\/www.mebee.com.tr\/ar\/wp-json\/wp\/v2\/product_tag?post=11030"}],"curies":[{"name":"wp","href":"https:\/\/api.w.org\/{rel}","templated":true}]}}