{"id":11028,"date":"2024-02-11T01:51:22","date_gmt":"2024-02-10T22:51:22","guid":{"rendered":"https:\/\/mebee.com.tr\/urun\/colorful-little-eyes-kimono"},"modified":"2025-03-18T22:31:31","modified_gmt":"2025-03-18T19:31:31","slug":"colorful-little-eyes-kimono","status":"publish","type":"product","link":"https:\/\/www.mebee.com.tr\/ar\/%d8%a7%d9%84%d9%85%d9%86%d8%aa%d8%ac\/colorful-little-eyes-kimono","title":{"rendered":"\u0643\u064a\u0645\u0648\u0646\u0648 \u0627\u0644\u0639\u064a\u0648\u0646 \u0627\u0644\u0635\u063a\u064a\u0631\u0629 \u0627\u0644\u0645\u0644\u0648\u0646\u0629"},"content":{"rendered":"<p>Colorful Little Eyes Kimono, stilinize canl\u0131l\u0131k ve enerjik bir dokunu\u015f katmak i\u00e7in tasarland\u0131. K\u00fc\u00e7\u00fck ve sevimli g\u00f6z motifleri ile s\u00fcslenmi\u015f bu zarif kimono, rengarenk tasar\u0131m\u0131 ile her an\u0131n\u0131za ne\u015fe kat\u0131yor. Hem rahatl\u0131\u011f\u0131 hem de \u015f\u0131kl\u0131\u011f\u0131 bir araya getiren bu \u00f6zel par\u00e7a, gard\u0131robunuzun en dikkat \u00e7ekici par\u00e7alar\u0131ndan biri olacak.<\/p>\n<p>Y\u00fcksek kaliteli ve hafif kuma\u015f\u0131, g\u00fcn boyu konfor sa\u011flayarak cildinize yumu\u015fak bir dokunu\u015f sunar. Nefes alabilir yap\u0131s\u0131 sayesinde s\u0131cak havalarda serin kalman\u0131za yard\u0131mc\u0131 olurken, geni\u015f kesimi ile hareket \u00f6zg\u00fcrl\u00fc\u011f\u00fc sunar. Colorful Little Eyes Kimono, g\u00fcnl\u00fck kullan\u0131mda ve \u00f6zel anlarda stilinizi \u00f6n plana \u00e7\u0131kar\u0131r.<\/p>\n<p>Renkli g\u00f6z motifleri ve canl\u0131 tasar\u0131m\u0131, her kombinle uyum sa\u011flar ve stilinize benzersiz bir dokunu\u015f katar. Plajda bikininizin \u00fczerine giyerek \u015f\u0131k bir \u00f6rt\u00fc olarak kullanabilir, \u015fehirde g\u00fcnl\u00fck k\u0131yafetlerinizin \u00fczerine enerjik bir stil yaratabilirsiniz. Ayr\u0131ca evde rahat bir g\u00fcn ge\u00e7irirken de bu kimononun konforundan faydalanabilirsiniz.<\/p>","protected":false},"excerpt":{"rendered":"<p>Colorful Little Eyes Kimono, stilinize canl\u0131l\u0131k ve enerjik bir dokunu\u015f katmak i\u00e7in tasarland\u0131. K\u00fc\u00e7\u00fck ve sevimli g\u00f6z motifleri ile s\u00fcslenmi\u015f<\/p>","protected":false},"featured_media":10524,"template":"","meta":{"_joinchat":[]},"product_brand":[],"product_cat":[70],"product_tag":[],"class_list":{"0":"post-11028","1":"product","2":"type-product","3":"status-publish","4":"has-post-thumbnail","6":"product_cat-muslin-kimono","8":"first","9":"instock","10":"sale","11":"purchasable","12":"product-type-simple"},"_links":{"self":[{"href":"https:\/\/www.mebee.com.tr\/ar\/wp-json\/wp\/v2\/product\/11028","targetHints":{"allow":["GET"]}}],"collection":[{"href":"https:\/\/www.mebee.com.tr\/ar\/wp-json\/wp\/v2\/product"}],"about":[{"href":"https:\/\/www.mebee.com.tr\/ar\/wp-json\/wp\/v2\/types\/product"}],"version-history":[{"count":0,"href":"https:\/\/www.mebee.com.tr\/ar\/wp-json\/wp\/v2\/product\/11028\/revisions"}],"wp:featuredmedia":[{"embeddable":true,"href":"https:\/\/www.mebee.com.tr\/ar\/wp-json\/wp\/v2\/media\/10524"}],"wp:attachment":[{"href":"https:\/\/www.mebee.com.tr\/ar\/wp-json\/wp\/v2\/media?parent=11028"}],"wp:term":[{"taxonomy":"product_brand","embeddable":true,"href":"https:\/\/www.mebee.com.tr\/ar\/wp-json\/wp\/v2\/product_brand?post=11028"},{"taxonomy":"product_cat","embeddable":true,"href":"https:\/\/www.mebee.com.tr\/ar\/wp-json\/wp\/v2\/product_cat?post=11028"},{"taxonomy":"product_tag","embeddable":true,"href":"https:\/\/www.mebee.com.tr\/ar\/wp-json\/wp\/v2\/product_tag?post=11028"}],"curies":[{"name":"wp","href":"https:\/\/api.w.org\/{rel}","templated":true}]}}