{"id":11026,"date":"2024-02-11T01:51:22","date_gmt":"2024-02-10T22:51:22","guid":{"rendered":"https:\/\/mebee.com.tr\/urun\/colorful-big-eye-kimono"},"modified":"2025-03-18T22:31:31","modified_gmt":"2025-03-18T19:31:31","slug":"colorful-big-eye-kimono","status":"publish","type":"product","link":"https:\/\/www.mebee.com.tr\/ar\/%d8%a7%d9%84%d9%85%d9%86%d8%aa%d8%ac\/colorful-big-eye-kimono","title":{"rendered":"\u0643\u064a\u0645\u0648\u0646\u0648 \u0627\u0644\u0639\u064a\u0646 \u0627\u0644\u0643\u0628\u064a\u0631\u0629 \u0627\u0644\u0645\u0644\u0648\u0646"},"content":{"rendered":"<p>Colorful Big Eye Kimono ile stilinize enerjik ve canl\u0131 bir dokunu\u015f kat\u0131n. Renklerin b\u00fcy\u00fcleyici uyumunu ve dikkat \u00e7ekici g\u00f6z motifleriyle tasarlanan bu kimono, her an\u0131n\u0131za \u015f\u0131kl\u0131k ve ferahl\u0131k getiriyor. Hem rahatl\u0131\u011f\u0131 hem de esteti\u011fi bir araya getiren bu \u00f6zel par\u00e7a, gard\u0131robunuzun en g\u00f6zde par\u00e7alar\u0131ndan biri olacak.<\/p>\n<p>Bu kimono, y\u00fcksek kaliteli ve hafif kuma\u015f\u0131 sayesinde cildinize yumu\u015fak bir dokunu\u015f sa\u011flar. Nefes alabilir yap\u0131s\u0131 ile s\u0131cak havalarda serin kalman\u0131za yard\u0131mc\u0131 olurken, geni\u015f ve uzun kesimi ile hareket \u00f6zg\u00fcrl\u00fc\u011f\u00fc sunar. Colorful Big Eye Kimono, hem g\u00fcnl\u00fck kullan\u0131mda hem de \u00f6zel anlarda \u015f\u0131kl\u0131\u011f\u0131n\u0131z\u0131 tamamlar.<\/p>\n<p>Canl\u0131 renkleri ve b\u00fcy\u00fcleyici g\u00f6z motifleri, her kombinle uyum sa\u011flar ve stilinize benzersiz bir dokunu\u015f katar. Plajda bikininizin \u00fczerine giyerek zarif bir \u00f6rt\u00fc olarak kullanabilir, \u015fehirde g\u00fcnl\u00fck k\u0131yafetlerinizin \u00fczerine giyerek enerjik bir stil yaratabilirsiniz. Ayr\u0131ca evde rahat bir g\u00fcn ge\u00e7irirken de bu kimononun konforundan faydalanabilirsiniz.<\/p>","protected":false},"excerpt":{"rendered":"<p>Colorful Big Eye Kimono ile stilinize enerjik ve canl\u0131 bir dokunu\u015f kat\u0131n. Renklerin b\u00fcy\u00fcleyici uyumunu ve dikkat \u00e7ekici g\u00f6z motifleriyle<\/p>","protected":false},"featured_media":10517,"template":"","meta":{"_joinchat":[]},"product_brand":[],"product_cat":[70],"product_tag":[],"class_list":{"0":"post-11026","1":"product","2":"type-product","3":"status-publish","4":"has-post-thumbnail","6":"product_cat-muslin-kimono","8":"first","9":"instock","10":"sale","11":"purchasable","12":"product-type-simple"},"_links":{"self":[{"href":"https:\/\/www.mebee.com.tr\/ar\/wp-json\/wp\/v2\/product\/11026","targetHints":{"allow":["GET"]}}],"collection":[{"href":"https:\/\/www.mebee.com.tr\/ar\/wp-json\/wp\/v2\/product"}],"about":[{"href":"https:\/\/www.mebee.com.tr\/ar\/wp-json\/wp\/v2\/types\/product"}],"version-history":[{"count":0,"href":"https:\/\/www.mebee.com.tr\/ar\/wp-json\/wp\/v2\/product\/11026\/revisions"}],"wp:featuredmedia":[{"embeddable":true,"href":"https:\/\/www.mebee.com.tr\/ar\/wp-json\/wp\/v2\/media\/10517"}],"wp:attachment":[{"href":"https:\/\/www.mebee.com.tr\/ar\/wp-json\/wp\/v2\/media?parent=11026"}],"wp:term":[{"taxonomy":"product_brand","embeddable":true,"href":"https:\/\/www.mebee.com.tr\/ar\/wp-json\/wp\/v2\/product_brand?post=11026"},{"taxonomy":"product_cat","embeddable":true,"href":"https:\/\/www.mebee.com.tr\/ar\/wp-json\/wp\/v2\/product_cat?post=11026"},{"taxonomy":"product_tag","embeddable":true,"href":"https:\/\/www.mebee.com.tr\/ar\/wp-json\/wp\/v2\/product_tag?post=11026"}],"curies":[{"name":"wp","href":"https:\/\/api.w.org\/{rel}","templated":true}]}}