{"id":8468,"date":"2023-03-27T12:07:48","date_gmt":"2023-03-27T12:07:48","guid":{"rendered":"https:\/\/mebee.com.tr\/?page_id=8468"},"modified":"2023-06-01T23:42:46","modified_gmt":"2023-06-01T20:42:46","slug":"%d8%b4%d8%b1%d9%88%d8%b7-%d8%a7%d9%84%d8%a7%d8%b3%d8%aa%d8%ae%d8%af%d8%a7%d9%85-%d9%88%d8%a7%d8%aa%d9%81%d8%a7%d9%82%d9%8a%d8%a9-%d8%a7%d9%84%d8%b9%d8%b6%d9%88%d9%8a%d8%a9-2","status":"publish","type":"page","link":"https:\/\/www.mebee.com.tr\/ar\/%d8%b4%d8%b1%d9%88%d8%b7-%d8%a7%d9%84%d8%a7%d8%b3%d8%aa%d8%ae%d8%af%d8%a7%d9%85-%d9%88%d8%a7%d8%aa%d9%81%d8%a7%d9%82%d9%8a%d8%a9-%d8%a7%d9%84%d8%b9%d8%b6%d9%88%d9%8a%d8%a9-2","title":{"rendered":"Kullan\u0131m Ko\u015fullar\u0131 ve \u00dcyelik S\u00f6zle\u015fmesi"},"content":{"rendered":"<p>www.mebee.com.tr sitesinin (\u201cSite\u201d) t\u00fcm haklar\u0131 MEBEE ait olup Site\u2019nin Kullan\u0131c\u0131lar ve \u00dcyeler taraf\u0131ndan kullan\u0131m\u0131 a\u015fa\u011f\u0131daki h\u00fck\u00fcm ve \u015fartlara tabidir. Siteye eri\u015fiminizden veya siteyi kullan\u0131m\u0131n\u0131zdan \u00f6nce a\u015fa\u011f\u0131daki Kullan\u0131m Ko\u015fullar\u0131n\u0131 (\u201cKullan\u0131m Ko\u015fullar\u0131\u201d) dikkatlice okuyunuz. MEBEE, bu s\u00f6zle\u015fmede her zaman de\u011fi\u015fiklik yapabilir ve bu de\u011fi\u015fiklikler, de\u011fi\u015ftirilmi\u015f s\u00f6zle\u015fmenin siteye konulmas\u0131yla derhal y\u00fcr\u00fcrl\u00fck kazan\u0131r. Siz bu de\u011fi\u015fikliklerden haberdar olmak amac\u0131yla periyodik olarak s\u00f6zle\u015fmeyi g\u00f6zden ge\u00e7irmeyi kabul etmektesiniz ve siteye devam eden eri\u015fiminiz veya devam eden siteyi kullan\u0131m\u0131n\u0131z de\u011fi\u015ftirilmi\u015f s\u00f6zle\u015fmeyi kesin olarak kabul etti\u011finiz anlam\u0131na gelecektir.<\/p>\n\n\n\n<p>Site\u2019ye \u00fcyelik, a\u015fa\u011f\u0131da yaz\u0131l\u0131 ko\u015fullar\u0131n taraf\u0131n\u0131zca kabul\u00fcne ba\u011fl\u0131d\u0131r. Siteye eri\u015fmekle veya siteyi kullanmakla, a\u015fa\u011f\u0131da belirtilen \u015fartlar ve h\u00fck\u00fcmlerle ba\u011fl\u0131 olmay\u0131 kabul etmektesiniz. E\u011fer bu \u015fartlar ve h\u00fck\u00fcmlerle ba\u011fl\u0131 olmak istemezseniz, siteye eri\u015fmeyebilir veya siteyi kullanmayabilirsiniz. Ancak e\u011fer b\u00f6yle bir kullan\u0131ma ba\u015flad\u0131ysan\u0131z kullan\u0131m\u0131 derhal durdurmal\u0131s\u0131n\u0131z. Kullan\u0131m Ko\u015fullar\u0131 da dahil olmak \u00fczere MEBEE, Site ve Site uzant\u0131s\u0131 kapsam\u0131nda sunulan hizmetleri, \u00fcr\u00fcnleri, fikir ve sanat eserlerini, Sitede sunulan herhangi bir bilgi ve veriyi, \u00f6nceden herhangi bir ihtar veya ihbar yapmaya gerek olmaks\u0131z\u0131n de\u011fi\u015ftirme, Site yay\u0131n\u0131na ara verme, Site yay\u0131n\u0131 tamamen durdurma ve Siteyi en geni\u015f kapsamda yeniden d\u00fczenleme haklar\u0131n\u0131 sakl\u0131 tutmaktad\u0131r. MEBEE \u2019\u0131n Site Kullan\u0131m \u015eartlar\u0131 \u00fczerinde yapaca\u011f\u0131 de\u011fi\u015fiklikler, Sitede yay\u0131mlanmalar\u0131yla birlikte y\u00fcr\u00fcrl\u00fc\u011fe girer ve bu de\u011fi\u015fiklikler, kullan\u0131c\u0131 taraf\u0131ndan Site\u2019ye girilmesi, herhangi bir \u015fekilde eri\u015fim yap\u0131lmas\u0131 veya Site\u2019nin kullan\u0131lmas\u0131 ile birlikte kabul edilmi\u015f addolunur. Site\u2019ye \u00fcyelik formunu eksiksiz dolduran ve MEBEE taraf\u0131ndan \u00fcyelikleri uygun bulunan ger\u00e7ek ya da t\u00fczel ki\u015filer (\u201c\u00dcye\u201d) olarak kabul edilir. \u00dcyelik i\u00e7in 18 ya\u015f\u0131n\u0131 doldurmu\u015f olmak zorunludur. T\u00fczel ki\u015filer, ancak yasal temsilcileri kanal\u0131 ile \u00fcyelik ba\u015fvurusu yapabilirler.<\/p>\n\n\n\n<p>Site\u2019ye giri\u015f yapan, Site\u2019yi ziyaret eden, herhangi bir \u015fekilde kullanan, Siteye eri\u015fen ve\/veya herhangi ba\u015fkaca bir \u015fekilde ba\u011flanan t\u00fcm \u00fcye ve ziyaret\u00e7iler (\u201cKullan\u0131c\u0131\u201d), bu sayfada d\u00fczenlenmi\u015f olan MEBEE Web Sitesi Kullan\u0131m \u015eartlar\u0131\u2019na uyacaklar\u0131n\u0131 pe\u015finen beyan, kabul ve taahh\u00fct ederler. \u0130\u015fbu Yukar\u0131da an\u0131lan \u201cKullan\u0131c\u0131\u201d ifadesi, \u00fcye giri\u015fi yapmak suretiyle veya herhangi bir \u015fekilde Siteye giri\u015f yapan, Siteyi kullanan, inceleyen veya herhangi bir ileti\u015fim cihaz\u0131 (cep telefonu, bilgisayar gibi) arac\u0131l\u0131\u011f\u0131yla Site\u2019ye ba\u011flanm\u0131\u015f olan veya Site \u00fczerinden elektronik veri al\u0131\u015f-veri\u015finde bulunmu\u015f veya bulunmakta olan herhangi bir ki\u015fiyi ifade etmektedir.<\/p>\n\n\n\n<p><strong>Hizmet \u0130\u00e7eri\u011fi<\/strong><\/p>\n\n\n\n<p>MEBEE\u2019nin, Site \u00fczerinden verece\u011fi hizmet; MEBEE online al\u0131\u015fveri\u015f sitesinde sat\u0131\u015fa sunulan \u00fcr\u00fcnlerin; \u00fcye taraf\u0131ndan bedeli \u00f6dendikten sonra, MEBEE\u2019\u0131n stok durumunun uygun olmas\u0131 halinde taahh\u00fct edilen s\u00fcrede mal\u0131n m\u00fc\u015fteriye kargo firmas\u0131 taraf\u0131ndan ay\u0131ps\u0131z ve hasars\u0131z olarak teslimidir.<\/p>\n\n\n\n<p><strong>Genel Ko\u015ful ve H\u00fck\u00fcmler<\/strong><\/p>\n\n\n\n<p>MEBEE, Sitede mevcut bilgilerin do\u011fruluk ve g\u00fcncelli\u011fini s\u00fcrekli olarak kontrol etmektedir. Ancak bu bilgilerin her zaman g\u00fcncel olmayabilece\u011fi \u00dcyeler ve Kullan\u0131c\u0131lar taraf\u0131ndan g\u00f6zetilmelidir.<\/p>\n\n\n\n<p>MEBEE, diledi\u011fi takdirde, hi\u00e7bir gerek\u00e7e g\u00f6stermeksizin \u00fcyeli\u011fi iptal etme hakk\u0131na sahiptir.<\/p>\n\n\n\n<p>Site\u2019ye ait her t\u00fcrl\u00fc fikri m\u00fclkiyet hakk\u0131 (sitede bulunan \u00fcr\u00fcnler, bilgiler, metinler, resimler, markalar, ikonlar, g\u00f6rsel veya i\u015fitsel vs imgeler, video klipler, tasar\u0131mlar, kataloglar, dosyalar, listeler, datalar, kodlar, slogan ve di\u011fer i\u015faretler, sayfa d\u00fczeni vb.) m\u00fcnhas\u0131ran. MEBEE \u2019nin m\u00fclkiyetindedir. Sitede yer alan her t\u00fcrl\u00fc bilgi, g\u00f6r\u00fcnt\u00fc ve materyaller; Site\u2019nin tamam\u0131 ya da bir b\u00f6l\u00fcm\u00fc revize edilerek, ekleme yap\u0131larak ya da bir k\u0131sm\u0131 de\u011fi\u015ftirilerek farkl\u0131 bir bi\u00e7imde kullan\u0131lamaz. Sitede sunulan fikri m\u00fclkiyetin k\u0131smen ya da tamamen kopyalanmas\u0131, de\u011fi\u015ftirilmesi, yay\u0131nlanmas\u0131, online ya da di\u011fer bir medya kullan\u0131lmak suretiyle g\u00f6nderimi, da\u011f\u0131t\u0131m\u0131, sat\u0131lmas\u0131 a\u00e7\u0131k ve kesin bir bi\u00e7imde 5846 Say\u0131l\u0131 Fikir ve Satan Eserleri Kanunu\u2019na ayk\u0131r\u0131 olacak ve hukuki ve cezai yapt\u0131r\u0131ma maruz kalacakt\u0131r.<\/p>\n\n\n\n<p>\u00dcye, kredi kart\u0131n\u0131 g\u00fcvenli bir \u015fekilde kullanmakla y\u00fck\u00fcml\u00fcd\u00fcr. MEBEE s\u00f6zle\u015fmeye ayk\u0131r\u0131l\u0131k, haks\u0131z fiil, ya da ba\u015fkaca sebeplere binaen, do\u011fabilecek do\u011frudan ya da dolayl\u0131 hi\u00e7bir zarardan sorumlu de\u011fildir.<\/p>\n\n\n\n<p>MEBEE, diledi\u011fi tarihte, i\u015fbu s\u00f6zle\u015fmeyi bildirimsiz olarak feshedebilir, k\u0131smen ya da tamamen devredebilir. Kullan\u0131c\u0131 veya \u00dcyenin s\u00f6zle\u015fmeyi devri, h\u00fck\u00fcms\u00fczd\u00fcr.<\/p>\n\n\n\n<p>MEBEE m\u00fccbir sebeple ya da t\u00fcm\u00fc ile kendi takdir ve de\u011ferlendirmesine ba\u011fl\u0131 olarak Site\u2019yi yay\u0131ndan kald\u0131rma, i\u00e7eri\u011fini de\u011fi\u015ftirme hakk\u0131na sahiptir.<\/p>\n\n\n\n<p>Kullan\u0131c\u0131lar ve \u00dcyeler, Site\u2019yi kullan\u0131rken genel ahlaka ve adaba, y\u00fcr\u00fcrl\u00fckteki t\u00fcm ulusal ve uluslararas\u0131 kanunlara ve nizamlara, ileti\u015fim ve internet g\u00fcvenli\u011fine uygun olarak hareket etmek ile y\u00fck\u00fcml\u00fcd\u00fcr. Kullan\u0131c\u0131lar\u0131n Siteye ekleyecekleri her t\u00fcrl\u00fc ifade, yorum, yaz\u0131, resim, g\u00f6rsel ve sair her t\u00fcrl\u00fc bilgi ve belge genel ahlaka ve adaba ve ilgili ulusal ve uluslararas\u0131 mevzuata uygun i\u00e7erik ve \u015fekilde olmal\u0131d\u0131r.<\/p>\n\n\n\n<p>Sitenin yaz\u0131l\u0131m ve donan\u0131m sistemlerinin zarar g\u00f6rmesine yol a\u00e7abilecek, i\u015fleyi\u015fini olumsuz y\u00f6nde etkileyebilecek veya yava\u015flamas\u0131na yol a\u00e7abilecek her t\u00fcrl\u00fc fiil ve i\u015flem yasakt\u0131r. An\u0131lan yasak kapsam\u0131na otomatik programlar veya yaz\u0131l\u0131mlar kullan\u0131larak birden fazla sorgu yap\u0131lmas\u0131 veya \u00fcyelik kayd\u0131 a\u00e7\u0131lmas\u0131, veya otomatik y\u00f6ntemler arac\u0131l\u0131\u011f\u0131yla Siteye \u00e7ok say\u0131da talep veya bilgi g\u00f6nderilmesi de dahildir.<\/p>\n\n\n\n<p>\u00dcyeler, kendilerine verilen \u015fifrelerin m\u00fcnhas\u0131ran kendilerine verilmi\u015f oldu\u011funu, bu \u015fifreleri hi\u00e7bir surette ba\u015fkalar\u0131 ile payla\u015fmayacaklar\u0131n\u0131, aksi takdirde do\u011fabilecek her t\u00fcrl\u00fc zarar ve ziyandan kendilerinin sorumlu olaca\u011f\u0131n\u0131 kabul, beyan ve taahh\u00fct etmektedir. \u00dcyelik ba\u015fvurusu yap\u0131l\u0131rken \u00fcye taraf\u0131ndan verilen bilgilerin do\u011frulu\u011fu ve eksiksizli\u011finin tespiti MEBEE\u2019nin sorumlulu\u011funda de\u011fildir. Yanl\u0131\u015f \u00fcyelik bilgisi verilmesi sebebiyle do\u011facak zararlardan dolay\u0131 MEBEE\u2019nin hi\u00e7bir hukuki sorumlulu\u011fu yoktur.<\/p>\n\n\n\n<p>MEBEE, Site Kullan\u0131m Ko\u015fullar\u0131\u2019na ve yukar\u0131da an\u0131lan kurallar\u0131 ayk\u0131r\u0131 \u015fekilde hareket eden Kullan\u0131c\u0131lar\u0131n Siteye eri\u015fiminin engellenmesi ve \u00fcyeliklerinin iptal edilmesi de dahil olmak \u00fczere her t\u00fcrl\u00fc g\u00fcvenlik tedbirini almak ve gerekirse ihlal edenler aleyhinde yasal i\u015flem ba\u015flatmak hakk\u0131n\u0131 sakl\u0131 tutmaktad\u0131r.<\/p>\n\n\n\n<p>Site\u2019nin kullan\u0131lmas\u0131, Sitede sunulan veya sa\u011flanan veri ve bilgilerin kullan\u0131m\u0131, bu veri ve bilgiler esas\u0131nda yap\u0131lan davran\u0131\u015flar veya Siteye eri\u015fim sebebiyle maruz kal\u0131nabilecek herhangi t\u00fcrden bilgisayar vir\u00fcsleri, trojan ve benzeri k\u00f6t\u00fc ama\u00e7l\u0131 yaz\u0131l\u0131mlar (malware) da dahil ve fakat bunlarla s\u0131n\u0131rl\u0131 olmamak \u00fczere, Kullan\u0131c\u0131lar\u0131n, \u00dcyelerin veya di\u011fer \u00fc\u00e7\u00fcnc\u00fc ki\u015filerin herhangi bir sebepten \u00f6t\u00fcr\u00fc u\u011frayabilecekleri her t\u00fcrl\u00fc ve t\u00fcm do\u011frudan ve dolayl\u0131 zarar, ziyan, hasar ve\/veya kay\u0131plar ile ilgili. MEBEE\u2019nin hi\u00e7bir hukuki veya cezai sorumlulu\u011fu bulunmamaktad\u0131r. Kullan\u0131c\u0131lar, yukar\u0131da an\u0131lan zararlar sebebiyle. MEBEE\u2019den her ne isim alt\u0131nda olursa olsun herhangi bir talep veya iddiada bulunmayacaklar\u0131n\u0131 pe\u015finen kabul, beyan ve taahh\u00fct etmektedir.<\/p>\n\n\n\n<p>\u0130\u015fbu \u201cKullan\u0131m Ko\u015fullar\u0131 ve \u00dcyelik S\u00f6zle\u015fmesi\u2019nden kaynaklanacak ihtilaflar T\u00fcrk Hukuku\u2019na tabidir ve uyu\u015fmazl\u0131klar\u0131n \u00e7\u00f6z\u00fcm\u00fcnde Denizli Mahkemeleri ve \u0130cra Daireleri yetkilidir.<\/p>","protected":false},"excerpt":{"rendered":"<p>www.mebee.com.tr sitesinin (\u201cSite\u201d) t\u00fcm haklar\u0131 MEBEE ait olup Site\u2019nin Kullan\u0131c\u0131lar ve \u00dcyeler taraf\u0131ndan kullan\u0131m\u0131 a\u015fa\u011f\u0131daki h\u00fck\u00fcm ve \u015fartlara tabidir. Siteye<\/p>","protected":false},"author":1,"featured_media":0,"parent":0,"menu_order":0,"comment_status":"closed","ping_status":"closed","template":"","meta":{"_joinchat":[],"footnotes":""},"class_list":["post-8468","page","type-page","status-publish","hentry"],"_links":{"self":[{"href":"https:\/\/www.mebee.com.tr\/ar\/wp-json\/wp\/v2\/pages\/8468","targetHints":{"allow":["GET"]}}],"collection":[{"href":"https:\/\/www.mebee.com.tr\/ar\/wp-json\/wp\/v2\/pages"}],"about":[{"href":"https:\/\/www.mebee.com.tr\/ar\/wp-json\/wp\/v2\/types\/page"}],"author":[{"embeddable":true,"href":"https:\/\/www.mebee.com.tr\/ar\/wp-json\/wp\/v2\/users\/1"}],"replies":[{"embeddable":true,"href":"https:\/\/www.mebee.com.tr\/ar\/wp-json\/wp\/v2\/comments?post=8468"}],"version-history":[{"count":0,"href":"https:\/\/www.mebee.com.tr\/ar\/wp-json\/wp\/v2\/pages\/8468\/revisions"}],"wp:attachment":[{"href":"https:\/\/www.mebee.com.tr\/ar\/wp-json\/wp\/v2\/media?parent=8468"}],"curies":[{"name":"wp","href":"https:\/\/api.w.org\/{rel}","templated":true}]}}